{"id":11,"date":"2017-02-22T09:48:06","date_gmt":"2017-02-22T09:48:06","guid":{"rendered":"http:\/\/sw-themes.com\/porto_dummy\/?page_id=11"},"modified":"2023-09-05T11:34:02","modified_gmt":"2023-09-05T09:34:02","slug":"home","status":"publish","type":"page","link":"https:\/\/mo.rasica.org\/","title":{"rendered":"Home"},"content":{"rendered":"\t\t<div data-elementor-type=\"wp-page\" data-elementor-id=\"11\" class=\"elementor elementor-11\" data-elementor-settings=\"[]\">\n\t\t\t\t\t\t\t<div class=\"elementor-section-wrap\">\n\t\t\t\t\t\t\t<section data-plugin-parallax=\"\" data-plugin-options=\"{&quot;speed&quot;: 1}\" class=\"elementor-section elementor-top-section elementor-element elementor-element-9ed0999 elementor-section-full_width intro-section elementor-section-content-middle elementor-section-stretched elementor-section-height-default elementor-section-height-default\" data-id=\"9ed0999\" data-element_type=\"section\" data-settings=\"{&quot;stretch_section&quot;:&quot;section-stretched&quot;,&quot;background_background&quot;:&quot;classic&quot;}\">\r\n\t\t\t\r\n\t\t\t\t\t\t\t\t\t<div class=\"elementor-container elementor-column-gap-no porto-carousel owl-carousel has-ccols show-nav-hover ccols-1\" data-plugin-options=\"{&quot;margin&quot;:0,&quot;items&quot;:1,&quot;nav&quot;:true,&quot;dots&quot;:false,&quot;themeConfig&quot;:true,&quot;autoplay&quot;:true,&quot;autoplayTimeout&quot;:8000,&quot;autoplayHoverPause&quot;:true}\">\r\n\t\t\t\t\t\t\t\t\t\t\t<div class=\"porto-ibanner elementor-column elementor-col-50 elementor-top-column elementor-element elementor-element-6d41aa9 mb-0\" data-id=\"6d41aa9\" data-element_type=\"column\" data-settings=\"{&quot;background_background&quot;:&quot;classic&quot;}\">\r\n\r\n\t\t<img loading=\"lazy\" decoding=\"async\" src=\"https:\/\/mo.rasica.org\/wp-content\/uploads\/2022\/04\/wp6506194-scaled.jpg\" alt=\"\" width=\"2560\" height=\"1440\" class=\"porto-ibanner-img\" srcset=\"https:\/\/mo.rasica.org\/wp-content\/uploads\/2022\/04\/wp6506194-scaled.jpg 2560w, https:\/\/mo.rasica.org\/wp-content\/uploads\/2022\/04\/wp6506194-1536x864.jpg 1536w, https:\/\/mo.rasica.org\/wp-content\/uploads\/2022\/04\/wp6506194-2048x1152.jpg 2048w\" sizes=\"auto, (max-width: 2560px) 100vw, 2560px\">\t\t\t<div class=\"porto-ibanner-layer elementor-widget-wrap elementor-element-populated\" style=\"left: 50%;top: 50%;transform: translate(-50%, -50%);\">\r\n\t\t\t\t\t\t\t\t<div class=\"elementor-element elementor-element-9b9ba61 elementor-invisible elementor-widget elementor-widget-porto_ultimate_heading\" data-id=\"9b9ba61\" data-element_type=\"widget\" data-settings=\"{&quot;_animation&quot;:&quot;fadeInDown&quot;,&quot;_animation_delay&quot;:200}\" data-widget_type=\"porto_ultimate_heading.default\">\n\t\t\t\t<div class=\"elementor-widget-container\">\n\t\t\t<div class=\"porto-u-heading\" data-hspacer=\"no_spacer\" data-halign=\"center\" style=\"text-align:center\"><div class=\"porto-u-main-heading\"><h2    style=\"margin-bottom: -10px;\">Mladinski Odsek<\/h2><\/div><\/div>\t\t<\/div>\n\t\t\t\t<\/div>\n\t\t\t\t<div class=\"elementor-element elementor-element-fc884fc elementor-invisible elementor-widget elementor-widget-porto_ultimate_heading\" data-id=\"fc884fc\" data-element_type=\"widget\" data-settings=\"{&quot;_animation&quot;:&quot;fadeInUp&quot;,&quot;_animation_delay&quot;:200}\" data-widget_type=\"porto_ultimate_heading.default\">\n\t\t\t\t<div class=\"elementor-widget-container\">\n\t\t\t<div class=\"porto-u-heading\" data-hspacer=\"no_spacer\" data-halign=\"center\" style=\"text-align:center\"><div class=\"porto-u-main-heading\"><h2    style=\"margin-bottom: 8px;\">RA\u0160ICA<\/h2><\/div><\/div>\t\t<\/div>\n\t\t\t\t<\/div>\n\t\t\t\t<div class=\"elementor-element elementor-element-590c929 elementor-invisible elementor-widget elementor-widget-porto_ultimate_heading\" data-id=\"590c929\" data-element_type=\"widget\" data-settings=\"{&quot;_animation&quot;:&quot;fadeInUp&quot;,&quot;_animation_delay&quot;:600}\" data-widget_type=\"porto_ultimate_heading.default\">\n\t\t\t\t<div class=\"elementor-widget-container\">\n\t\t\t<div class=\"porto-u-heading\" data-hspacer=\"no_spacer\" data-halign=\"center\" style=\"text-align:center\"><div class=\"porto-u-main-heading\"><h2    style=\"margin-bottom: 48px;\">... kjer iz majhnega semena zraste mogo\u010dno drevo<\/h2><\/div><\/div>\t\t<\/div>\n\t\t\t\t<\/div>\n\t\t\t\t\t<\/div>\r\n\t\t\t\t<\/div>\r\n\t\t\t\t<div class=\"porto-ibanner elementor-column elementor-col-50 elementor-top-column elementor-element elementor-element-da061d5 mb-0\" data-id=\"da061d5\" data-element_type=\"column\" data-settings=\"{&quot;background_background&quot;:&quot;classic&quot;}\">\r\n\r\n\t\t<img loading=\"lazy\" decoding=\"async\" src=\"https:\/\/mo.rasica.org\/wp-content\/uploads\/2023\/09\/20210724_093048-scaled.jpg\" alt=\"\" width=\"2560\" height=\"1152\" class=\"porto-ibanner-img\" srcset=\"https:\/\/mo.rasica.org\/wp-content\/uploads\/2023\/09\/20210724_093048-scaled.jpg 2560w, https:\/\/mo.rasica.org\/wp-content\/uploads\/2023\/09\/20210724_093048-1536x691.jpg 1536w, https:\/\/mo.rasica.org\/wp-content\/uploads\/2023\/09\/20210724_093048-2048x922.jpg 2048w\" sizes=\"auto, (max-width: 2560px) 100vw, 2560px\">\t\t\t<div class=\"porto-ibanner-layer elementor-widget-wrap elementor-element-populated\" style=\"left: 50%;top: 50%;transform: translate(-50%, -50%);\">\r\n\t\t\t\t\t\t\t\t<div class=\"elementor-element elementor-element-d796c49 elementor-invisible elementor-widget elementor-widget-porto_ultimate_heading\" data-id=\"d796c49\" data-element_type=\"widget\" data-settings=\"{&quot;_animation&quot;:&quot;fadeInDown&quot;,&quot;_animation_delay&quot;:200}\" data-widget_type=\"porto_ultimate_heading.default\">\n\t\t\t\t<div class=\"elementor-widget-container\">\n\t\t\t<div class=\"porto-u-heading\" data-hspacer=\"no_spacer\" data-halign=\"center\" style=\"text-align:center\"><div class=\"porto-u-main-heading\"><h2    style=\"margin-bottom: -10px;\">Mladinski Odsek<\/h2><\/div><\/div>\t\t<\/div>\n\t\t\t\t<\/div>\n\t\t\t\t<div class=\"elementor-element elementor-element-4c571a8 elementor-invisible elementor-widget elementor-widget-porto_ultimate_heading\" data-id=\"4c571a8\" data-element_type=\"widget\" data-settings=\"{&quot;_animation&quot;:&quot;fadeInUp&quot;,&quot;_animation_delay&quot;:200}\" data-widget_type=\"porto_ultimate_heading.default\">\n\t\t\t\t<div class=\"elementor-widget-container\">\n\t\t\t<div class=\"porto-u-heading\" data-hspacer=\"no_spacer\" data-halign=\"center\" style=\"text-align:center\"><div class=\"porto-u-main-heading\"><h2    style=\"margin-bottom: 8px;\">RA\u0160ICA<\/h2><\/div><\/div>\t\t<\/div>\n\t\t\t\t<\/div>\n\t\t\t\t<div class=\"elementor-element elementor-element-c45812b elementor-invisible elementor-widget elementor-widget-porto_ultimate_heading\" data-id=\"c45812b\" data-element_type=\"widget\" data-settings=\"{&quot;_animation&quot;:&quot;fadeInUp&quot;,&quot;_animation_delay&quot;:600}\" data-widget_type=\"porto_ultimate_heading.default\">\n\t\t\t\t<div class=\"elementor-widget-container\">\n\t\t\t<div class=\"porto-u-heading\" data-hspacer=\"no_spacer\" data-halign=\"center\" style=\"text-align:center\"><div class=\"porto-u-main-heading\"><h2    style=\"margin-bottom: 48px;\">...kjer vsaka pot vodi do cilja<\/h2><\/div><\/div>\t\t<\/div>\n\t\t\t\t<\/div>\n\t\t\t\t\t<\/div>\r\n\t\t\t\t<\/div>\r\n\t\t\t\t\t\t<\/div>\r\n\t\t\t\t<\/section>\r\n\t\t\t\t<section class=\"elementor-section elementor-top-section elementor-element elementor-element-4511cab elementor-section-full_width elementor-section-height-default elementor-section-height-default\" data-id=\"4511cab\" data-element_type=\"section\" data-settings=\"{&quot;background_background&quot;:&quot;gradient&quot;}\">\r\n\t\t\t\r\n\t\t\t\t\t\t\t\t\t<div class=\"elementor-container elementor-column-gap-default\">\r\n\t\t\t\t\t\t\t\t\t\t\t<div class=\"elementor-column elementor-col-100 elementor-top-column elementor-element elementor-element-bb86738\" data-id=\"bb86738\" data-element_type=\"column\">\r\n\r\n\t\t\t\t\t<div class=\"elementor-widget-wrap elementor-element-populated\">\r\n\t\t\t\t\t\t\t\t<div class=\"elementor-element elementor-element-84a7a2f elementor-widget elementor-widget-wp-widget-block-widget\" data-id=\"84a7a2f\" data-element_type=\"widget\" data-widget_type=\"wp-widget-block-widget.default\">\n\t\t\t\t<div class=\"elementor-widget-container\">\n\t\t\t\t\t\t<div class=\"block\">\n\t\t\t\t<style>.elementor-2182 .elementor-element.elementor-element-933ae94{padding:26px 0px 28px 0px;}.elementor-2182 .elementor-element.elementor-element-9bd7848{text-align:left;}.elementor-2182 .elementor-element.elementor-element-9bd7848 .elementor-heading-title{color:#000000;font-size:26.6px;line-height:42px;}.elementor-2182 .elementor-element.elementor-element-9bd7848 > .elementor-widget-container{margin:0px 0px 17px 0px;}.elementor-2182 .elementor-element.elementor-element-41fd4ae .elementor-heading-title{color:#030303;font-size:26.6px;line-height:42px;}.elementor-2182 .elementor-element.elementor-element-41fd4ae > .elementor-widget-container{margin:0px 0px 17px 0px;}.elementor-2182 .elementor-element.elementor-element-b1565c3 > .elementor-widget-container{margin:0px 0px 0px 0px;padding:0px 0px 0px 0px;}.custom-next-section .custom-thumb-info-wrapper-box { margin-top: -33px; }\n.custom-next-section .porto_countdown { display: inline-flex; justify-content: center; width: 90%; }\n.custom-next-section .thumb-info-caption { padding: 0 40px 20px 40px; background: #fff; }\n.custom-next-section .thumb-info-caption .custom-event-infos { padding-top: 20px; }\n.custom-next-section .custom-event-infos { line-height: 26px; }\n.custom-next-section .thumb-info-caption .thumb-info-caption-text { padding: 0; }\n.custom-next-section .thumb-info-caption .thumb-info-caption-text .post-excerpt { line-height: 2; margin-top: -6px; font-size: 12.6px; }\n\/* Upcoming Event *\/\n.custom-margin-1 { margin-left: 95px; }\n.custom-post-event .solid { margin-top: 22px; margin-bottom: 22px; }\n.custom-event-infos ul li i { font-weight: 700; }<\/style><div class=\"porto-block elementor elementor-2182\">\t\t<div class=\"elementor-section elementor-top-section elementor-element elementor-element-933ae94 custom-next-section px-gutter elementor-section-boxed elementor-section-height-default elementor-section-height-default\" data-id=\"933ae94\" data-element_type=\"section\">\r\n\t\t\t\r\n\t\t\t\t\t\t\t\t\t<div class=\"elementor-container elementor-column-gap-default\">\r\n\t\t\t\t\t\t\t\t\t\t\t<div class=\"elementor-column elementor-col-50 elementor-top-column elementor-element elementor-element-4d0912e elementor-invisible\" data-id=\"4d0912e\" data-element_type=\"column\" data-settings=\"{&quot;animation&quot;:&quot;fadeInLeft&quot;,&quot;animation_delay&quot;:&quot;300&quot;}\">\r\n\r\n\t\t\t\t\t<div class=\"elementor-widget-wrap elementor-element-populated\">\r\n\t\t\t\t\t\t\t\t<div class=\"elementor-element elementor-element-9bd7848 elementor-widget elementor-widget-heading\" data-id=\"9bd7848\" data-element_type=\"widget\" data-widget_type=\"heading.default\">\n\t\t\t\t<div class=\"elementor-widget-container\">\n\t\t\t<style>\/*! elementor - v3.5.6 - 28-02-2022 *\/\n.elementor-heading-title{padding:0;margin:0;line-height:1}.elementor-widget-heading .elementor-heading-title[class*=elementor-size-]>a{color:inherit;font-size:inherit;line-height:inherit}.elementor-widget-heading .elementor-heading-title.elementor-size-small{font-size:15px}.elementor-widget-heading .elementor-heading-title.elementor-size-medium{font-size:19px}.elementor-widget-heading .elementor-heading-title.elementor-size-large{font-size:29px}.elementor-widget-heading .elementor-heading-title.elementor-size-xl{font-size:39px}.elementor-widget-heading .elementor-heading-title.elementor-size-xxl{font-size:59px}<\/style><h2 class=\"elementor-heading-title elementor-size-default\">PRIHAJAJO\u010cI IZLETI<\/h2>\t\t<\/div>\n\t\t\t\t<\/div>\n\t\t\t\t\t<\/div>\r\n\t\t\t\t<\/div>\r\n\t\t\t\t<div class=\"elementor-column elementor-col-50 elementor-top-column elementor-element elementor-element-e9d8f15 elementor-invisible\" data-id=\"e9d8f15\" data-element_type=\"column\" data-settings=\"{&quot;animation&quot;:&quot;fadeInRight&quot;,&quot;animation_delay&quot;:&quot;300&quot;}\">\r\n\r\n\t\t\t\t\t<div class=\"elementor-widget-wrap elementor-element-populated\">\r\n\t\t\t\t\t\t\t\t<div class=\"elementor-element elementor-element-41fd4ae elementor-widget elementor-widget-heading\" data-id=\"41fd4ae\" data-element_type=\"widget\" data-widget_type=\"heading.default\">\n\t\t\t\t<div class=\"elementor-widget-container\">\n\t\t\t<h2 class=\"elementor-heading-title elementor-size-default\">PRETEKLI IZLETI<\/h2>\t\t<\/div>\n\t\t\t\t<\/div>\n\t\t\t\t<div class=\"elementor-element elementor-element-b1565c3 elementor-widget elementor-widget-porto_events\" data-id=\"b1565c3\" data-element_type=\"widget\" data-widget_type=\"porto_events.default\">\n\t\t\t\t<div class=\"elementor-widget-container\">\n\t\t\t\n\n<article class=\"custom-post-event post-event-list custom-sm-margin-bottom-2\">\n\t\t\t<div class=\"post-event-date background-color-primary center\"> \n\t\t\t<span class=\"month text-uppercase custom-secondary-font text-color-light\">Aug<\/span> \n\t\t\t<span class=\"day font-weight-bold text-color-light\">26<\/span> \n\t\t\t<span class=\"year text-color-light\">2023<\/span> \n\t\t<\/div>\n\t\t<div class=\"post-event-content custom-margin-1\">\n\t\t\t<span class=\"event-date d-none\">26. avgusta, 2023<time datetime=\"2023-08-26 00:00\">2023\/08\/26 <\/time><\/span>\n\t\t\t<div class=\"custom-event-infos\">\n\t\t\t<ul>\n\t\t\t\t\t\t\t\t\t\t\t\t<li class=\"text-uppercase\"> <i class=\"fas fa-map-marker-alt\"><\/i> Lepena<\/li>\n\t\t\t\t\t\t\t<\/ul>\n\t\t<\/div>\n\t\t<h4 class=\"font-weight-bold text-color-dark\"> <a href=\"https:\/\/mo.rasica.org\/index.php\/Napovednik\/dvodnevni-izlet-v-visokogorje\/\" class=\"text-decoration-none custom-secondary-font text-color-dark\"> Dvodnevni izlet v visokogorje, Krnsko jezero \/ Krn (2244m) <\/a> <\/h4>\n\t\t<p class=\"post-excerpt\">\n\n\n\n\nKrnsko jezero, Krn\n\n\n\n\n<\/p>\t\t\t<\/div>\n\t<hr class=\"solid\">\n<\/article>\n\n\n<article class=\"custom-post-event post-event-list custom-sm-margin-bottom-2\">\n\t\t\t<div class=\"post-event-date background-color-primary center\"> \n\t\t\t<span class=\"month text-uppercase custom-secondary-font text-color-light\">Sep<\/span> \n\t\t\t<span class=\"day font-weight-bold text-color-light\">30<\/span> \n\t\t\t<span class=\"year text-color-light\">2023<\/span> \n\t\t<\/div>\n\t\t<div class=\"post-event-content custom-margin-1\">\n\t\t\t<span class=\"event-date d-none\">30. septembra, 2023<time datetime=\"2023-09-30 08:00\">2023\/09\/30 08:00 AM<\/time><\/span>\n\t\t\t<div class=\"custom-event-infos\">\n\t\t\t<ul>\n\t\t\t\t\t\t\t\t<li> <i class=\"far fa-clock\"><\/i> 08:00 AM <\/li>\n\t\t\t\t\t\t\t\t\t\t\t\t\t<li class=\"text-uppercase\"> <i class=\"fas fa-map-marker-alt\"><\/i> \u0160entjur<\/li>\n\t\t\t\t\t\t\t<\/ul>\n\t\t<\/div>\n\t\t<h4 class=\"font-weight-bold text-color-dark\"> <a href=\"https:\/\/mo.rasica.org\/index.php\/Napovednik\/mauris-sagitis-urna-molestie\/\" class=\"text-decoration-none custom-secondary-font text-color-dark\"> Resevna (682 m) <\/a> <\/h4>\n\t\t<p class=\"post-excerpt\"><\/p>\t\t\t<\/div>\n\t<hr class=\"solid\">\n<\/article>\n\t\t<\/div>\n\t\t\t\t<\/div>\n\t\t\t\t\t<\/div>\r\n\t\t\t\t<\/div>\r\n\t\t\t\t\t\t<\/div>\r\n\t\t\t\t<\/div>\r\n\t\t<\/div>\t\t\t<\/div>\n\t\t\t\t<\/div>\n\t\t\t\t<\/div>\n\t\t\t\t\t<\/div>\r\n\t\t\t\t<\/div>\r\n\t\t\t\t\t\t<\/div>\r\n\t\t\t\t<\/section>\r\n\t\t\t\t<section class=\"elementor-section elementor-top-section elementor-element elementor-element-f4c3966 flex-wrap elementor-section-boxed elementor-section-height-default elementor-section-height-default\" data-id=\"f4c3966\" data-element_type=\"section\" data-settings=\"{&quot;background_background&quot;:&quot;classic&quot;}\">\r\n\t\t\t\r\n\t\t\t\t\t\t\t\t\t<div class=\"elementor-container elementor-column-gap-default\">\r\n\t\t\t\t\t\t\t\t\t\t\t<div class=\"elementor-column elementor-col-25 elementor-top-column elementor-element elementor-element-a87ba20 w-100\" data-id=\"a87ba20\" data-element_type=\"column\">\r\n\r\n\t\t\t\t\t<div class=\"elementor-widget-wrap elementor-element-populated\">\r\n\t\t\t\t\t\t\t\t<div class=\"elementor-element elementor-element-e223f67 elementor-widget elementor-widget-spacer\" data-id=\"e223f67\" data-element_type=\"widget\" data-widget_type=\"spacer.default\">\n\t\t\t\t<div class=\"elementor-widget-container\">\n\t\t\t\t\t<div class=\"elementor-spacer\">\n\t\t\t<div class=\"elementor-spacer-inner\"><\/div>\n\t\t<\/div>\n\t\t\t\t<\/div>\n\t\t\t\t<\/div>\n\t\t\t\t\t<\/div>\r\n\t\t\t\t<\/div>\r\n\t\t\t\t<div class=\"elementor-column elementor-col-25 elementor-top-column elementor-element elementor-element-e4c3b6d w-lg-33\" data-id=\"e4c3b6d\" data-element_type=\"column\">\r\n\r\n\t\t\t\t\t<div class=\"elementor-widget-wrap elementor-element-populated\">\r\n\t\t\t\t\t\t\t\t<div class=\"elementor-element elementor-element-c34b9e3 elementor-invisible elementor-widget elementor-widget-porto_info_box\" data-id=\"c34b9e3\" data-element_type=\"widget\" data-settings=\"{&quot;_animation&quot;:&quot;fadeInLeft&quot;,&quot;_animation_delay&quot;:800}\" data-widget_type=\"porto_info_box.default\">\n\t\t\t\t<div class=\"elementor-widget-container\">\n\t\t\t<div class=\"porto-sicon-box style_3 top-icon\"><div class=\"porto-sicon-top\"><div id=\"porto-icon-185120429069dfbe8639adc\" class=\"porto-just-icon-wrapper porto-sicon-img\" style=\"\"><img loading=\"lazy\" decoding=\"async\" class=\"img-icon\" alt=\"porto info box image\" src=\"https:\/\/mo.rasica.org\/wp-content\/uploads\/2017\/02\/custom-icon-1.png\" width=\"62\" height=\"55\" \/><\/div><\/div><div class=\"porto-sicon-header\"><h3 class=\"porto-sicon-title\" style=\"\">Ve\u010d kot 40 let ...<\/h3><\/div> <!-- header --><div class=\"porto-sicon-description\" style=\"\" ><p><span style=\"font-weight: 400;\">se trudimo, da bi otrokom in mladini pribli\u017eali ljubezen do narave, gore in planine v Sloveniji<\/span><\/p><\/div> <!-- description --><\/div><!-- porto-sicon-box -->\t\t<\/div>\n\t\t\t\t<\/div>\n\t\t\t\t\t<\/div>\r\n\t\t\t\t<\/div>\r\n\t\t\t\t<div class=\"elementor-column elementor-col-25 elementor-top-column elementor-element elementor-element-07135f6 w-lg-33\" data-id=\"07135f6\" data-element_type=\"column\">\r\n\r\n\t\t\t\t\t<div class=\"elementor-widget-wrap elementor-element-populated\">\r\n\t\t\t\t\t\t\t\t<div class=\"elementor-element elementor-element-8f36124 elementor-invisible elementor-widget elementor-widget-porto_info_box\" data-id=\"8f36124\" data-element_type=\"widget\" data-settings=\"{&quot;_animation&quot;:&quot;fadeIn&quot;,&quot;_animation_delay&quot;:400}\" data-widget_type=\"porto_info_box.default\">\n\t\t\t\t<div class=\"elementor-widget-container\">\n\t\t\t<div class=\"porto-sicon-box style_3 top-icon\"><div class=\"porto-sicon-top\"><div id=\"porto-icon-78527230969dfbe863bc76\" class=\"porto-just-icon-wrapper porto-sicon-img\" style=\"\"><img loading=\"lazy\" decoding=\"async\" class=\"img-icon\" alt=\"\" src=\"https:\/\/mo.rasica.org\/wp-content\/uploads\/2022\/05\/img_293158-1.png\" width=\"980\" height=\"782\" \/><\/div><\/div><div class=\"porto-sicon-header\"><h3 class=\"porto-sicon-title\" style=\"\">Pridru\u017ei se nam<\/h3><\/div> <!-- header --><div class=\"porto-sicon-description\" style=\"\" ><p><strong class=\"text-color-light\">Vsak petek ob 17.00 - 19.00<\/strong><br \/><span style=\"font-weight: 400;\">Pru\u0161nikova ulica 99,\u00a0<\/span><span style=\"font-weight: 400;\">1210 Ljubljana- \u0160entvid<\/span><\/p><\/div> <!-- description --><\/div><!-- porto-sicon-box -->\t\t<\/div>\n\t\t\t\t<\/div>\n\t\t\t\t\t<\/div>\r\n\t\t\t\t<\/div>\r\n\t\t\t\t<div class=\"elementor-column elementor-col-25 elementor-top-column elementor-element elementor-element-dfab25c w-lg-33\" data-id=\"dfab25c\" data-element_type=\"column\">\r\n\r\n\t\t\t\t\t<div class=\"elementor-widget-wrap elementor-element-populated\">\r\n\t\t\t\t\t\t\t\t<div class=\"elementor-element elementor-element-3022ba2 elementor-invisible elementor-widget elementor-widget-porto_info_box\" data-id=\"3022ba2\" data-element_type=\"widget\" data-settings=\"{&quot;_animation&quot;:&quot;fadeInRight&quot;,&quot;_animation_delay&quot;:800}\" data-widget_type=\"porto_info_box.default\">\n\t\t\t\t<div class=\"elementor-widget-container\">\n\t\t\t<div class=\"porto-sicon-box style_3 top-icon\"><div class=\"porto-sicon-top\"><div id=\"porto-icon-9169714969dfbe863d802\" class=\"porto-just-icon-wrapper porto-sicon-img\" style=\"\"><img loading=\"lazy\" decoding=\"async\" class=\"img-icon\" alt=\"porto info box image\" src=\"https:\/\/mo.rasica.org\/wp-content\/uploads\/2017\/02\/custom-icon-3.png\" width=\"62\" height=\"55\" \/><\/div><\/div><div class=\"porto-sicon-header\"><h3 class=\"porto-sicon-title\" style=\"\">Zavezujemo se ...<\/h3><\/div> <!-- header --><div class=\"porto-sicon-description\" style=\"\" ><p><span style=\"font-weight: 400;\">da bomo z na\u0161im strokovnim znanjem vodnikov in alpinistov zagotavljali varnost in kakovost<\/span><\/p><\/div> <!-- description --><\/div><!-- porto-sicon-box -->\t\t<\/div>\n\t\t\t\t<\/div>\n\t\t\t\t\t<\/div>\r\n\t\t\t\t<\/div>\r\n\t\t\t\t\t\t<\/div>\r\n\t\t\t\t<\/section>\r\n\t\t\t\t\t\t<\/div>\n\t\t\t\t\t<\/div>\n\t\t","protected":false},"excerpt":{"rendered":"<p>Mladinski Odsek RA\u0160ICA &#8230; kjer iz majhnega semena zraste mogo\u010dno drevo Mladinski Odsek RA\u0160ICA &#8230;kjer vsaka pot vodi do cilja Ve\u010d kot 40 let &#8230; se trudimo, da bi otrokom in mladini pribli\u017eali ljubezen do narave, gore in planine v Sloveniji Pridru\u017ei se nam Vsak petek ob 17.00 &#8211; 19.00Pru\u0161nikova ulica 99,\u00a01210 Ljubljana- \u0160entvid Zavezujemo [&hellip;]<\/p>\n","protected":false},"author":1,"featured_media":0,"parent":0,"menu_order":0,"comment_status":"closed","ping_status":"closed","template":"","meta":{"footnotes":""},"class_list":["post-11","page","type-page","status-publish","hentry"],"_links":{"self":[{"href":"https:\/\/mo.rasica.org\/index.php\/wp-json\/wp\/v2\/pages\/11","targetHints":{"allow":["GET"]}}],"collection":[{"href":"https:\/\/mo.rasica.org\/index.php\/wp-json\/wp\/v2\/pages"}],"about":[{"href":"https:\/\/mo.rasica.org\/index.php\/wp-json\/wp\/v2\/types\/page"}],"author":[{"embeddable":true,"href":"https:\/\/mo.rasica.org\/index.php\/wp-json\/wp\/v2\/users\/1"}],"replies":[{"embeddable":true,"href":"https:\/\/mo.rasica.org\/index.php\/wp-json\/wp\/v2\/comments?post=11"}],"version-history":[{"count":258,"href":"https:\/\/mo.rasica.org\/index.php\/wp-json\/wp\/v2\/pages\/11\/revisions"}],"predecessor-version":[{"id":4738,"href":"https:\/\/mo.rasica.org\/index.php\/wp-json\/wp\/v2\/pages\/11\/revisions\/4738"}],"wp:attachment":[{"href":"https:\/\/mo.rasica.org\/index.php\/wp-json\/wp\/v2\/media?parent=11"}],"curies":[{"name":"wp","href":"https:\/\/api.w.org\/{rel}","templated":true}]}}