{"id":24,"date":"2017-02-22T12:55:58","date_gmt":"2017-02-22T12:55:58","guid":{"rendered":"http:\/\/sw-themes.com\/porto_dummy\/?page_id=24"},"modified":"2023-09-19T11:47:33","modified_gmt":"2023-09-19T09:47:33","slug":"locations","status":"publish","type":"page","link":"https:\/\/mo.rasica.org\/index.php\/locations\/","title":{"rendered":"Letni Program Aktivnosti"},"content":{"rendered":"\t\t<div data-elementor-type=\"wp-page\" data-elementor-id=\"24\" class=\"elementor elementor-24\" data-elementor-settings=\"[]\">\n\t\t\t\t\t\t\t<div class=\"elementor-section-wrap\">\n\t\t\t\t\t\t\t<section class=\"elementor-section elementor-top-section elementor-element elementor-element-a217794 elementor-section-stretched elementor-section-boxed elementor-section-height-default elementor-section-height-default\" data-id=\"a217794\" data-element_type=\"section\" data-settings=\"{&quot;stretch_section&quot;:&quot;section-stretched&quot;,&quot;background_background&quot;:&quot;classic&quot;}\">\r\n\t\t\t\r\n\t\t\t\t\t\t\t\t\t<div class=\"elementor-container elementor-column-gap-default\">\r\n\t\t\t\t\t\t\t\t\t\t\t<div class=\"elementor-column elementor-col-100 elementor-top-column elementor-element elementor-element-d458dc5\" data-id=\"d458dc5\" data-element_type=\"column\">\r\n\r\n\t\t\t\t\t<div class=\"elementor-widget-wrap elementor-element-populated\">\r\n\t\t\t\t\t\t\t\t<div class=\"elementor-element elementor-element-14c0443 elementor-widget elementor-widget-spacer\" data-id=\"14c0443\" data-element_type=\"widget\" data-widget_type=\"spacer.default\">\n\t\t\t\t<div class=\"elementor-widget-container\">\n\t\t\t\t\t<div class=\"elementor-spacer\">\n\t\t\t<div class=\"elementor-spacer-inner\"><\/div>\n\t\t<\/div>\n\t\t\t\t<\/div>\n\t\t\t\t<\/div>\n\t\t\t\t<div class=\"elementor-element elementor-element-1aa108f elementor-widget elementor-widget-porto_ultimate_heading\" data-id=\"1aa108f\" data-element_type=\"widget\" data-widget_type=\"porto_ultimate_heading.default\">\n\t\t\t\t<div class=\"elementor-widget-container\">\n\t\t\t<div class=\"porto-u-heading\" data-hspacer=\"no_spacer\" data-halign=\"center\" style=\"text-align:center\"><div class=\"porto-u-main-heading\"><h2   >LETNI PROGRAM AKTIVNOSTI<\/h2><\/div><\/div>\t\t<\/div>\n\t\t\t\t<\/div>\n\t\t\t\t<div class=\"elementor-element elementor-element-8450fd7 elementor-widget elementor-widget-spacer\" data-id=\"8450fd7\" data-element_type=\"widget\" data-widget_type=\"spacer.default\">\n\t\t\t\t<div class=\"elementor-widget-container\">\n\t\t\t\t\t<div class=\"elementor-spacer\">\n\t\t\t<div class=\"elementor-spacer-inner\"><\/div>\n\t\t<\/div>\n\t\t\t\t<\/div>\n\t\t\t\t<\/div>\n\t\t\t\t\t<\/div>\r\n\t\t\t\t<\/div>\r\n\t\t\t\t\t\t<\/div>\r\n\t\t\t\t<\/section>\r\n\t\t\t\t<section class=\"elementor-section elementor-top-section elementor-element elementor-element-b931397 elementor-section-boxed elementor-section-height-default elementor-section-height-default\" data-id=\"b931397\" data-element_type=\"section\">\r\n\t\t\t\r\n\t\t\t\t\t\t\t\t\t<div class=\"elementor-container elementor-column-gap-default\">\r\n\t\t\t\t\t\t\t\t\t\t\t<div class=\"elementor-column elementor-col-100 elementor-top-column elementor-element elementor-element-5c65cc4\" data-id=\"5c65cc4\" data-element_type=\"column\">\r\n\r\n\t\t\t\t\t<div class=\"elementor-widget-wrap elementor-element-populated\">\r\n\t\t\t\t\t\t\t\t<div class=\"elementor-element elementor-element-b6bc7dd elementor-widget elementor-widget-image\" data-id=\"b6bc7dd\" data-element_type=\"widget\" data-widget_type=\"image.default\">\n\t\t\t\t<div class=\"elementor-widget-container\">\n\t\t\t<style>\/*! elementor - v3.5.6 - 28-02-2022 *\/\n.elementor-widget-image{text-align:center}.elementor-widget-image a{display:inline-block}.elementor-widget-image a img[src$=\".svg\"]{width:48px}.elementor-widget-image img{vertical-align:middle;display:inline-block}<\/style>\t\t\t\t\t\t\t\t\t\t\t\t<img loading=\"lazy\" decoding=\"async\" width=\"768\" height=\"1086\" src=\"https:\/\/mo.rasica.org\/wp-content\/uploads\/2023\/09\/Besedilo-odstavka-768x1086.png\" class=\"attachment-medium_large size-medium_large\" alt=\"\" srcset=\"https:\/\/mo.rasica.org\/wp-content\/uploads\/2023\/09\/Besedilo-odstavka-768x1086.png 768w, https:\/\/mo.rasica.org\/wp-content\/uploads\/2023\/09\/Besedilo-odstavka-724x1024.png 724w, https:\/\/mo.rasica.org\/wp-content\/uploads\/2023\/09\/Besedilo-odstavka-640x905.png 640w, https:\/\/mo.rasica.org\/wp-content\/uploads\/2023\/09\/Besedilo-odstavka-400x566.png 400w, https:\/\/mo.rasica.org\/wp-content\/uploads\/2023\/09\/Besedilo-odstavka-367x519.png 367w\" sizes=\"auto, (max-width: 768px) 100vw, 768px\" \/>\t\t\t\t\t\t\t\t\t\t\t\t\t\t\t<\/div>\n\t\t\t\t<\/div>\n\t\t\t\t\t<\/div>\r\n\t\t\t\t<\/div>\r\n\t\t\t\t\t\t<\/div>\r\n\t\t\t\t<\/section>\r\n\t\t\t\t<section class=\"elementor-section elementor-top-section elementor-element elementor-element-67a60b3 elementor-section-boxed elementor-section-height-default elementor-section-height-default\" data-id=\"67a60b3\" data-element_type=\"section\">\r\n\t\t\t\r\n\t\t\t\t\t\t\t\t\t<div class=\"elementor-container elementor-column-gap-default\">\r\n\t\t\t\t\t\t\t\t\t\t\t<div class=\"elementor-column elementor-col-100 elementor-top-column elementor-element elementor-element-55b97ad\" data-id=\"55b97ad\" data-element_type=\"column\">\r\n\r\n\t\t\t\t\t<div class=\"elementor-widget-wrap elementor-element-populated\">\r\n\t\t\t\t\t\t\t\t<div class=\"elementor-element elementor-element-774487f elementor-widget elementor-widget-porto_portfolios\" data-id=\"774487f\" data-element_type=\"widget\" data-widget_type=\"porto_portfolios.default\">\n\t\t\t\t<div class=\"elementor-widget-container\">\n\t\t\t<div id=\"porto-portfolio-6206\" class=\"porto-portfolios porto-portfolios2c5c96655ee3519f01a4ac742e361ff0 wpb_content_element \">\n\t<div class=\"page-portfolios clearfix portfolios-timeline\" id=\"porto_portfolios_7mgn\">\n\n\t\n\t\n\t\n\t\t<section class=\"timeline\">\n\n\t\t\t<div class=\"timeline-body portfolios-container\">\n\n\t\t\n\t\t\t<div class=\"timeline-date\" data-date=\"2017-2\"><h3>februar 2017<\/h3><\/div>\n\t\t<article class=\"portfolio portfolio-timeline timeline-box left post-80 type-portfolio status-publish has-post-thumbnail hentry\">\n\t\t<h3 class=\"entry-title\" style=\"display: none;\">Resevna, 682m<\/h3><span class=\"vcard\" style=\"display: none;\"><span class=\"fn\"><a href=\"https:\/\/mo.rasica.org\/index.php\/author\/kajabasic\/\" title=\"Prispevki od Kaja Ba\u0161i\u010d\" rel=\"author\">Kaja Ba\u0161i\u010d<\/a><\/span><\/span><span class=\"updated\" style=\"display:none\">2023-10-10T10:59:02+02:00<\/span>\t\t<a class=\"portfolio-link\" href=\"https:\/\/mo.rasica.org\/index.php\/gallery\/baptism-3\/\">\n\t\t\t<span class=\"portfolio-item thumb-info thumb-info-no-borders thumb-info-lighten\">\n\t\t\t\t\t\t\t\t<span class=\"thumb-info-wrapper\">\n\t\t\t\t\t\t\t\t\t\t\t\t\t\t\t\t\t\t\t<img loading=\"lazy\" decoding=\"async\" class=\"img-responsive\" width=\"300\" height=\"225\" src=\"https:\/\/mo.rasica.org\/wp-content\/uploads\/2017\/02\/image00005-300x225.jpeg\" alt=\"\" \/>\n\t\t\t\t\t\t\t\t\t\t\t\t\t\n\t\t\t\t\t\t\t\t\t\t\t\t\t<span class=\"thumb-info-title\">\n\t\t\t\t\t\t\t\t<span class=\"thumb-info-inner\">Resevna, 682m<\/span>\n\t\t\t\t\t\t\t\t\t\t\t\t\t\t\t<\/span>\n\t\t\t\t\t\t\n\t\t\t\t\t\t\t\t\t\t\t\t\t\t<\/span>\n\t\t\t<\/span>\n\t\t<\/a>\n\t<\/article>\n\t\t\t\t<article class=\"portfolio portfolio-timeline timeline-box right post-78 type-portfolio status-publish has-post-thumbnail hentry\">\n\t\t<h3 class=\"entry-title\" style=\"display: none;\">Mirna gora, 1047m<\/h3><span class=\"vcard\" style=\"display: none;\"><span class=\"fn\"><a href=\"https:\/\/mo.rasica.org\/index.php\/author\/kajabasic\/\" title=\"Prispevki od Kaja Ba\u0161i\u010d\" rel=\"author\">Kaja Ba\u0161i\u010d<\/a><\/span><\/span><span class=\"updated\" style=\"display:none\">2023-10-10T11:02:12+02:00<\/span>\t\t<a class=\"portfolio-link\" href=\"https:\/\/mo.rasica.org\/index.php\/gallery\/wedding-3\/\">\n\t\t\t<span class=\"portfolio-item thumb-info thumb-info-no-borders thumb-info-lighten\">\n\t\t\t\t\t\t\t\t<span class=\"thumb-info-wrapper\">\n\t\t\t\t\t\t\t\t\t\t\t\t\t\t\t\t\t\t\t<img loading=\"lazy\" decoding=\"async\" class=\"img-responsive\" width=\"300\" height=\"200\" src=\"https:\/\/mo.rasica.org\/wp-content\/uploads\/2017\/02\/mirna_gora_naslovna-300x200.jpg\" alt=\"\" \/>\n\t\t\t\t\t\t\t\t\t\t\t\t\t\n\t\t\t\t\t\t\t\t\t\t\t\t\t<span class=\"thumb-info-title\">\n\t\t\t\t\t\t\t\t<span class=\"thumb-info-inner\">Mirna gora, 1047m<\/span>\n\t\t\t\t\t\t\t\t\t\t\t\t\t\t\t<\/span>\n\t\t\t\t\t\t\n\t\t\t\t\t\t\t\t\t\t\t\t\t\t<\/span>\n\t\t\t<\/span>\n\t\t<\/a>\n\t<\/article>\n\t\t\t\t<article class=\"portfolio portfolio-timeline timeline-box left post-77 type-portfolio status-publish has-post-thumbnail hentry\">\n\t\t<h3 class=\"entry-title\" style=\"display: none;\">Sveti Jakob nad Preddvorom (961m), Poto\u0161ka gora (1283m)<\/h3><span class=\"vcard\" style=\"display: none;\"><span class=\"fn\"><a href=\"https:\/\/mo.rasica.org\/index.php\/author\/kajabasic\/\" title=\"Prispevki od Kaja Ba\u0161i\u010d\" rel=\"author\">Kaja Ba\u0161i\u010d<\/a><\/span><\/span><span class=\"updated\" style=\"display:none\">2023-10-10T11:06:36+02:00<\/span>\t\t<a class=\"portfolio-link\" href=\"https:\/\/mo.rasica.org\/index.php\/gallery\/church-community-3\/\">\n\t\t\t<span class=\"portfolio-item thumb-info thumb-info-no-borders thumb-info-lighten\">\n\t\t\t\t\t\t\t\t<span class=\"thumb-info-wrapper\">\n\t\t\t\t\t\t\t\t\t\t\t\t\t\t\t\t\t\t\t<img loading=\"lazy\" decoding=\"async\" class=\"img-responsive\" width=\"300\" height=\"200\" src=\"https:\/\/mo.rasica.org\/wp-content\/uploads\/2017\/02\/9cb54-dsc_0182-300x200.jpg\" alt=\"\" \/>\n\t\t\t\t\t\t\t\t\t\t\t\t\t\n\t\t\t\t\t\t\t\t\t\t\t\t\t<span class=\"thumb-info-title\">\n\t\t\t\t\t\t\t\t<span class=\"thumb-info-inner\">Sveti Jakob nad Preddvorom (961m), Poto\u0161ka gora (1283m)<\/span>\n\t\t\t\t\t\t\t\t\t\t\t\t\t\t\t<\/span>\n\t\t\t\t\t\t\n\t\t\t\t\t\t\t\t\t\t\t\t\t\t<\/span>\n\t\t\t<\/span>\n\t\t<\/a>\n\t<\/article>\n\t\t\t\t<article class=\"portfolio portfolio-timeline timeline-box right post-75 type-portfolio status-publish has-post-thumbnail hentry\">\n\t\t<h3 class=\"entry-title\" style=\"display: none;\">No\u010dni pohod na Ra\u0161ico z baklami, skupaj s star\u0161i \ud83d\ude42<\/h3><span class=\"vcard\" style=\"display: none;\"><span class=\"fn\"><a href=\"https:\/\/mo.rasica.org\/index.php\/author\/kajabasic\/\" title=\"Prispevki od Kaja Ba\u0161i\u010d\" rel=\"author\">Kaja Ba\u0161i\u010d<\/a><\/span><\/span><span class=\"updated\" style=\"display:none\">2023-10-10T11:08:26+02:00<\/span>\t\t<a class=\"portfolio-link\" href=\"https:\/\/mo.rasica.org\/index.php\/gallery\/church-community-2\/\">\n\t\t\t<span class=\"portfolio-item thumb-info thumb-info-no-borders thumb-info-lighten\">\n\t\t\t\t\t\t\t\t<span class=\"thumb-info-wrapper\">\n\t\t\t\t\t\t\t\t\t\t\t\t\t\t\t\t\t\t\t<img loading=\"lazy\" decoding=\"async\" class=\"img-responsive\" width=\"300\" height=\"135\" src=\"https:\/\/mo.rasica.org\/wp-content\/uploads\/2023\/09\/20211218_160051-300x135.jpg\" alt=\"\" \/>\n\t\t\t\t\t\t\t\t\t\t\t\t\t\n\t\t\t\t\t\t\t\t\t\t\t\t\t<span class=\"thumb-info-title\">\n\t\t\t\t\t\t\t\t<span class=\"thumb-info-inner\">No\u010dni pohod na Ra\u0161ico z baklami, skupaj s star\u0161i \ud83d\ude42<\/span>\n\t\t\t\t\t\t\t\t\t\t\t\t\t\t\t<\/span>\n\t\t\t\t\t\t\n\t\t\t\t\t\t\t\t\t\t\t\t\t\t<\/span>\n\t\t\t<\/span>\n\t\t<\/a>\n\t<\/article>\n\t\t\t\t<article class=\"portfolio portfolio-timeline timeline-box left post-74 type-portfolio status-publish has-post-thumbnail hentry\">\n\t\t<h3 class=\"entry-title\" style=\"display: none;\">Stari Tabor, 603m<\/h3><span class=\"vcard\" style=\"display: none;\"><span class=\"fn\"><a href=\"https:\/\/mo.rasica.org\/index.php\/author\/kajabasic\/\" title=\"Prispevki od Kaja Ba\u0161i\u010d\" rel=\"author\">Kaja Ba\u0161i\u010d<\/a><\/span><\/span><span class=\"updated\" style=\"display:none\">2023-10-10T11:11:45+02:00<\/span>\t\t<a class=\"portfolio-link\" href=\"https:\/\/mo.rasica.org\/index.php\/gallery\/wedding-2\/\">\n\t\t\t<span class=\"portfolio-item thumb-info thumb-info-no-borders thumb-info-lighten\">\n\t\t\t\t\t\t\t\t<span class=\"thumb-info-wrapper\">\n\t\t\t\t\t\t\t\t\t\t\t\t\t\t\t\t\t\t\t<img loading=\"lazy\" decoding=\"async\" class=\"img-responsive\" width=\"300\" height=\"225\" src=\"https:\/\/mo.rasica.org\/wp-content\/uploads\/2017\/02\/1384938737c-300x225.jpg\" alt=\"\" \/>\n\t\t\t\t\t\t\t\t\t\t\t\t\t\n\t\t\t\t\t\t\t\t\t\t\t\t\t<span class=\"thumb-info-title\">\n\t\t\t\t\t\t\t\t<span class=\"thumb-info-inner\">Stari Tabor, 603m<\/span>\n\t\t\t\t\t\t\t\t\t\t\t\t\t\t\t<\/span>\n\t\t\t\t\t\t\n\t\t\t\t\t\t\t\t\t\t\t\t\t\t<\/span>\n\t\t\t<\/span>\n\t\t<\/a>\n\t<\/article>\n\t\t\t\t<article class=\"portfolio portfolio-timeline timeline-box right post-73 type-portfolio status-publish has-post-thumbnail hentry\">\n\t\t<h3 class=\"entry-title\" style=\"display: none;\">Slivnica 1114m in sankanje v okolici<\/h3><span class=\"vcard\" style=\"display: none;\"><span class=\"fn\"><a href=\"https:\/\/mo.rasica.org\/index.php\/author\/kajabasic\/\" title=\"Prispevki od Kaja Ba\u0161i\u010d\" rel=\"author\">Kaja Ba\u0161i\u010d<\/a><\/span><\/span><span class=\"updated\" style=\"display:none\">2023-10-10T11:14:04+02:00<\/span>\t\t<a class=\"portfolio-link\" href=\"https:\/\/mo.rasica.org\/index.php\/gallery\/baptism-2\/\">\n\t\t\t<span class=\"portfolio-item thumb-info thumb-info-no-borders thumb-info-lighten\">\n\t\t\t\t\t\t\t\t<span class=\"thumb-info-wrapper\">\n\t\t\t\t\t\t\t\t\t\t\t\t\t\t\t\t\t\t\t<img loading=\"lazy\" decoding=\"async\" class=\"img-responsive\" width=\"300\" height=\"169\" src=\"https:\/\/mo.rasica.org\/wp-content\/uploads\/2017\/02\/IMG_20230128_155749-1024x576-1-300x169.jpg\" alt=\"\" \/>\n\t\t\t\t\t\t\t\t\t\t\t\t\t\n\t\t\t\t\t\t\t\t\t\t\t\t\t<span class=\"thumb-info-title\">\n\t\t\t\t\t\t\t\t<span class=\"thumb-info-inner\">Slivnica 1114m in sankanje v okolici<\/span>\n\t\t\t\t\t\t\t\t\t\t\t\t\t\t\t<\/span>\n\t\t\t\t\t\t\n\t\t\t\t\t\t\t\t\t\t\t\t\t\t<\/span>\n\t\t\t<\/span>\n\t\t<\/a>\n\t<\/article>\n\t\t\t\t<article class=\"portfolio portfolio-timeline timeline-box left post-70 type-portfolio status-publish has-post-thumbnail hentry\">\n\t\t<h3 class=\"entry-title\" style=\"display: none;\">Sabotin 609m in Sveta Gora 681m<\/h3><span class=\"vcard\" style=\"display: none;\"><span class=\"fn\"><a href=\"https:\/\/mo.rasica.org\/index.php\/author\/kajabasic\/\" title=\"Prispevki od Kaja Ba\u0161i\u010d\" rel=\"author\">Kaja Ba\u0161i\u010d<\/a><\/span><\/span><span class=\"updated\" style=\"display:none\">2023-10-10T11:16:59+02:00<\/span>\t\t<a class=\"portfolio-link\" href=\"https:\/\/mo.rasica.org\/index.php\/gallery\/church-community\/\">\n\t\t\t<span class=\"portfolio-item thumb-info thumb-info-no-borders thumb-info-lighten\">\n\t\t\t\t\t\t\t\t<span class=\"thumb-info-wrapper\">\n\t\t\t\t\t\t\t\t\t\t\t\t\t\t\t\t\t\t\t<img loading=\"lazy\" decoding=\"async\" class=\"img-responsive\" width=\"300\" height=\"225\" src=\"https:\/\/mo.rasica.org\/wp-content\/uploads\/2017\/02\/sabotin_2021_tmihelj-99_c_prw-300x225.jpg\" alt=\"\" \/>\n\t\t\t\t\t\t\t\t\t\t\t\t\t\n\t\t\t\t\t\t\t\t\t\t\t\t\t<span class=\"thumb-info-title\">\n\t\t\t\t\t\t\t\t<span class=\"thumb-info-inner\">Sabotin 609m in Sveta Gora 681m<\/span>\n\t\t\t\t\t\t\t\t\t\t\t\t\t\t\t<\/span>\n\t\t\t\t\t\t\n\t\t\t\t\t\t\t\t\t\t\t\t\t\t<\/span>\n\t\t\t<\/span>\n\t\t<\/a>\n\t<\/article>\n\t\t\t\t<article class=\"portfolio portfolio-timeline timeline-box right post-68 type-portfolio status-publish has-post-thumbnail hentry\">\n\t\t<h3 class=\"entry-title\" style=\"display: none;\">Ko\u010da na Golici 1582m in Golica 1835m<\/h3><span class=\"vcard\" style=\"display: none;\"><span class=\"fn\"><a href=\"https:\/\/mo.rasica.org\/index.php\/author\/kajabasic\/\" title=\"Prispevki od Kaja Ba\u0161i\u010d\" rel=\"author\">Kaja Ba\u0161i\u010d<\/a><\/span><\/span><span class=\"updated\" style=\"display:none\">2023-10-10T11:19:28+02:00<\/span>\t\t<a class=\"portfolio-link\" href=\"https:\/\/mo.rasica.org\/index.php\/gallery\/baptism\/\">\n\t\t\t<span class=\"portfolio-item thumb-info thumb-info-no-borders thumb-info-lighten\">\n\t\t\t\t\t\t\t\t<span class=\"thumb-info-wrapper\">\n\t\t\t\t\t\t\t\t\t\t\t\t\t\t\t\t\t\t\t<img loading=\"lazy\" decoding=\"async\" class=\"img-responsive\" width=\"300\" height=\"225\" src=\"https:\/\/mo.rasica.org\/wp-content\/uploads\/2017\/02\/img-2021.06.14.28-Krvqavka-z-Male-Golice_result-300x225.jpg\" alt=\"\" \/>\n\t\t\t\t\t\t\t\t\t\t\t\t\t\n\t\t\t\t\t\t\t\t\t\t\t\t\t<span class=\"thumb-info-title\">\n\t\t\t\t\t\t\t\t<span class=\"thumb-info-inner\">Ko\u010da na Golici 1582m in Golica 1835m<\/span>\n\t\t\t\t\t\t\t\t\t\t\t\t\t\t\t<\/span>\n\t\t\t\t\t\t\n\t\t\t\t\t\t\t\t\t\t\t\t\t\t<\/span>\n\t\t\t<\/span>\n\t\t<\/a>\n\t<\/article>\n\t\n\t\n\t\n\t\t\t<\/div>\n\n\t\t<\/section>\n\n\t\n\t\n\t<\/div>\n\n\t\n\t\n\t<\/div>\t\t<\/div>\n\t\t\t\t<\/div>\n\t\t\t\t\t<\/div>\r\n\t\t\t\t<\/div>\r\n\t\t\t\t\t\t<\/div>\r\n\t\t\t\t<\/section>\r\n\t\t\t\t\t\t<\/div>\n\t\t\t\t\t<\/div>\n\t\t","protected":false},"excerpt":{"rendered":"<p>LETNI PROGRAM AKTIVNOSTI februar 2017 Baptism Amadej \u0160ardi2022-04-13T08:21:32+02:00 Baptism Wedding Amadej \u0160ardi2022-04-13T08:21:32+02:00 Wedding Church Community Amadej \u0160ardi2022-04-13T08:21:32+02:00 Church Community Church Community Amadej \u0160ardi2022-04-13T08:21:32+02:00 Church Community Wedding Amadej \u0160ardi2022-04-13T08:21:32+02:00 Wedding Baptism Amadej \u0160ardi2022-04-13T08:21:32+02:00 Baptism Church Community Amadej \u0160ardi2022-04-13T08:21:32+02:00 Church Community Baptism Amadej \u0160ardi2022-04-13T08:21:32+02:00 Baptism<\/p>\n","protected":false},"author":1,"featured_media":0,"parent":0,"menu_order":0,"comment_status":"closed","ping_status":"closed","template":"","meta":{"footnotes":""},"class_list":["post-24","page","type-page","status-publish","hentry"],"_links":{"self":[{"href":"https:\/\/mo.rasica.org\/index.php\/wp-json\/wp\/v2\/pages\/24","targetHints":{"allow":["GET"]}}],"collection":[{"href":"https:\/\/mo.rasica.org\/index.php\/wp-json\/wp\/v2\/pages"}],"about":[{"href":"https:\/\/mo.rasica.org\/index.php\/wp-json\/wp\/v2\/types\/page"}],"author":[{"embeddable":true,"href":"https:\/\/mo.rasica.org\/index.php\/wp-json\/wp\/v2\/users\/1"}],"replies":[{"embeddable":true,"href":"https:\/\/mo.rasica.org\/index.php\/wp-json\/wp\/v2\/comments?post=24"}],"version-history":[{"count":75,"href":"https:\/\/mo.rasica.org\/index.php\/wp-json\/wp\/v2\/pages\/24\/revisions"}],"predecessor-version":[{"id":5157,"href":"https:\/\/mo.rasica.org\/index.php\/wp-json\/wp\/v2\/pages\/24\/revisions\/5157"}],"wp:attachment":[{"href":"https:\/\/mo.rasica.org\/index.php\/wp-json\/wp\/v2\/media?parent=24"}],"curies":[{"name":"wp","href":"https:\/\/api.w.org\/{rel}","templated":true}]}}