{"id":3246,"date":"2022-04-13T22:51:08","date_gmt":"2022-04-13T20:51:08","guid":{"rendered":"http:\/\/mo.rasica.org\/?page_id=3246"},"modified":"2023-09-19T11:50:27","modified_gmt":"2023-09-19T09:50:27","slug":"letni-program-aktivnosti","status":"publish","type":"page","link":"https:\/\/mo.rasica.org\/index.php\/letni-program-aktivnosti\/","title":{"rendered":"Osnovne informacije"},"content":{"rendered":"\t\t<div data-elementor-type=\"wp-page\" data-elementor-id=\"3246\" class=\"elementor elementor-3246\" data-elementor-settings=\"[]\">\n\t\t\t\t\t\t\t<div class=\"elementor-section-wrap\">\n\t\t\t\t\t\t\t<section class=\"elementor-section elementor-top-section elementor-element elementor-element-cb49a21 elementor-section-boxed elementor-section-height-default elementor-section-height-default\" data-id=\"cb49a21\" data-element_type=\"section\">\r\n\t\t\t\r\n\t\t\t\t\t\t\t\t\t<div class=\"elementor-container elementor-column-gap-default\">\r\n\t\t\t\t\t\t\t\t\t\t\t<div class=\"elementor-column elementor-col-100 elementor-top-column elementor-element elementor-element-1b4e60e\" data-id=\"1b4e60e\" data-element_type=\"column\">\r\n\r\n\t\t\t\t\t<div class=\"elementor-widget-wrap elementor-element-populated\">\r\n\t\t\t\t\t\t\t\t<div class=\"elementor-element elementor-element-1a133f9 elementor-widget elementor-widget-image\" data-id=\"1a133f9\" data-element_type=\"widget\" data-widget_type=\"image.default\">\n\t\t\t\t<div class=\"elementor-widget-container\">\n\t\t\t<style>\/*! elementor - v3.5.6 - 28-02-2022 *\/\n.elementor-widget-image{text-align:center}.elementor-widget-image a{display:inline-block}.elementor-widget-image a img[src$=\".svg\"]{width:48px}.elementor-widget-image img{vertical-align:middle;display:inline-block}<\/style>\t\t\t\t\t\t\t\t\t\t\t\t<img loading=\"lazy\" decoding=\"async\" width=\"150\" height=\"150\" src=\"https:\/\/mo.rasica.org\/wp-content\/uploads\/2022\/04\/Screenshot-2022-04-14-at-02.35.00-150x150.png\" class=\"attachment-thumbnail size-thumbnail\" alt=\"\" \/>\t\t\t\t\t\t\t\t\t\t\t\t\t\t\t<\/div>\n\t\t\t\t<\/div>\n\t\t\t\t<div class=\"elementor-element elementor-element-0c55e5a elementor-widget elementor-widget-image\" data-id=\"0c55e5a\" data-element_type=\"widget\" data-widget_type=\"image.default\">\n\t\t\t\t<div class=\"elementor-widget-container\">\n\t\t\t\t\t\t\t\t\t\t\t\t\t\t\t<img loading=\"lazy\" decoding=\"async\" width=\"150\" height=\"150\" src=\"https:\/\/mo.rasica.org\/wp-content\/uploads\/2022\/04\/Screenshot-2022-04-14-at-02.40.58-150x150.png\" class=\"attachment-thumbnail size-thumbnail\" alt=\"\" \/>\t\t\t\t\t\t\t\t\t\t\t\t\t\t\t<\/div>\n\t\t\t\t<\/div>\n\t\t\t\t<div class=\"elementor-element elementor-element-d6d047e elementor-widget elementor-widget-heading\" data-id=\"d6d047e\" data-element_type=\"widget\" data-widget_type=\"heading.default\">\n\t\t\t\t<div class=\"elementor-widget-container\">\n\t\t\t<style>\/*! elementor - v3.5.6 - 28-02-2022 *\/\n.elementor-heading-title{padding:0;margin:0;line-height:1}.elementor-widget-heading .elementor-heading-title[class*=elementor-size-]>a{color:inherit;font-size:inherit;line-height:inherit}.elementor-widget-heading .elementor-heading-title.elementor-size-small{font-size:15px}.elementor-widget-heading .elementor-heading-title.elementor-size-medium{font-size:19px}.elementor-widget-heading .elementor-heading-title.elementor-size-large{font-size:29px}.elementor-widget-heading .elementor-heading-title.elementor-size-xl{font-size:39px}.elementor-widget-heading .elementor-heading-title.elementor-size-xxl{font-size:59px}<\/style><h2 class=\"elementor-heading-title elementor-size-default\">OSNOVNE INFORMACIJE ZA PLANINSKI KRO\u017dEK<\/h2>\t\t<\/div>\n\t\t\t\t<\/div>\n\t\t\t\t<div class=\"elementor-element elementor-element-96be9fd elementor-widget elementor-widget-spacer\" data-id=\"96be9fd\" data-element_type=\"widget\" data-widget_type=\"spacer.default\">\n\t\t\t\t<div class=\"elementor-widget-container\">\n\t\t\t\t\t<div class=\"elementor-spacer\">\n\t\t\t<div class=\"elementor-spacer-inner\"><\/div>\n\t\t<\/div>\n\t\t\t\t<\/div>\n\t\t\t\t<\/div>\n\t\t\t\t<div class=\"elementor-element elementor-element-5900c85 e-transform e-transform elementor-widget elementor-widget-text-editor\" data-id=\"5900c85\" data-element_type=\"widget\" data-settings=\"{&quot;_transform_scale_effect&quot;:{&quot;unit&quot;:&quot;px&quot;,&quot;size&quot;:&quot;&quot;,&quot;sizes&quot;:[]},&quot;_transform_scale_effect_tablet&quot;:{&quot;unit&quot;:&quot;px&quot;,&quot;size&quot;:&quot;&quot;,&quot;sizes&quot;:[]},&quot;_transform_scale_effect_mobile&quot;:{&quot;unit&quot;:&quot;px&quot;,&quot;size&quot;:&quot;&quot;,&quot;sizes&quot;:[]},&quot;_transform_skewX_effect&quot;:{&quot;unit&quot;:&quot;px&quot;,&quot;size&quot;:&quot;&quot;,&quot;sizes&quot;:[]},&quot;_transform_skewX_effect_tablet&quot;:{&quot;unit&quot;:&quot;px&quot;,&quot;size&quot;:&quot;&quot;,&quot;sizes&quot;:[]},&quot;_transform_skewX_effect_mobile&quot;:{&quot;unit&quot;:&quot;px&quot;,&quot;size&quot;:&quot;&quot;,&quot;sizes&quot;:[]},&quot;_transform_skewY_effect&quot;:{&quot;unit&quot;:&quot;px&quot;,&quot;size&quot;:&quot;&quot;,&quot;sizes&quot;:[]},&quot;_transform_skewY_effect_tablet&quot;:{&quot;unit&quot;:&quot;px&quot;,&quot;size&quot;:&quot;&quot;,&quot;sizes&quot;:[]},&quot;_transform_skewY_effect_mobile&quot;:{&quot;unit&quot;:&quot;px&quot;,&quot;size&quot;:&quot;&quot;,&quot;sizes&quot;:[]}}\" data-widget_type=\"text-editor.default\">\n\t\t\t\t<div class=\"elementor-widget-container\">\n\t\t\t<style>\/*! elementor - v3.5.6 - 28-02-2022 *\/\n.elementor-widget-text-editor.elementor-drop-cap-view-stacked .elementor-drop-cap{background-color:#818a91;color:#fff}.elementor-widget-text-editor.elementor-drop-cap-view-framed .elementor-drop-cap{color:#818a91;border:3px solid;background-color:transparent}.elementor-widget-text-editor:not(.elementor-drop-cap-view-default) .elementor-drop-cap{margin-top:8px}.elementor-widget-text-editor:not(.elementor-drop-cap-view-default) .elementor-drop-cap-letter{width:1em;height:1em}.elementor-widget-text-editor .elementor-drop-cap{float:left;text-align:center;line-height:1;font-size:50px}.elementor-widget-text-editor .elementor-drop-cap-letter{display:inline-block}<\/style>\t\t\t\t<div>\u00a0<\/div><ul><li style=\"font-weight: 400; line-height: 1.7em;\" aria-level=\"1\"><span style=\"font-weight: 400;\">Izleti potekajo enkrat mese\u010dno, ob sobotah<\/span><\/li><\/ul><ul><li style=\"font-weight: 400; line-height: 1.7em;\" aria-level=\"1\"><span style=\"font-weight: 400;\">Cena izleta je odvisna od \u0161tevila prijavljenih otrok, cca 20\u20ac. Denar prinesejo otroci na dan izleta s seboj na zbirno mesto (prosimo za drobi\u017e oziroma pripravljen to\u010den znesek).<\/span><\/li><\/ul><ul><li style=\"font-weight: 400; line-height: 1.7em;\" aria-level=\"1\"><span style=\"font-weight: 400;\">Zahtevnost izletov je prilagojena starosti in telesni pripravljenosti u\u010dencev (delitev po skupinah-starej\u0161e skupine opravijo pot z ve\u010djo vi\u0161insko razliko).<\/span><\/li><\/ul><ul><li style=\"font-weight: 400; line-height: 1.7em;\" aria-level=\"1\"><span style=\"font-weight: 400;\">Zbirno mesto za odhod na izlete je parkiri\u0161\u010de na Dolgem mostu. Okviren odhod ob 8.uri in prihod ob 17.uri. To\u010dne informacije bodo zapisane v vabilu na izlet.<\/span><\/li><\/ul><ul><li style=\"font-weight: 400; line-height: 1.7em;\" aria-level=\"1\"><span style=\"font-weight: 400;\">Vsi udele\u017eenci izletov morajo biti \u010dlani PD Ra\u0161ica. \u010clanarina se uredi pred prvim izletom. \u010clanarina velja za koledarsko leto.<\/span><\/li><li style=\"font-weight: 400; line-height: 1.7em;\" aria-level=\"1\"><span style=\"font-weight: 400;\">Vsi otroci dobijo Dnevnik Mladega planinca, ki je otro\u0161ka \u010dlanska izkaznica. Vsaki\u010d naj ga imajo s seboj na izlet (v primeru, da je knji\u017eica polna nam to sporo\u010dite na mail MO Ra\u0161ica, da uredimo novo).<\/span><\/li><li style=\"font-weight: 400; line-height: 1.7em;\" aria-level=\"1\">V primeru slabega vremena izlet <b>ODPADE.<\/b><\/li><\/ul>\t\t\t\t\t\t<\/div>\n\t\t\t\t<\/div>\n\t\t\t\t\t<\/div>\r\n\t\t\t\t<\/div>\r\n\t\t\t\t\t\t<\/div>\r\n\t\t\t\t<\/section>\r\n\t\t\t\t\t\t<\/div>\n\t\t\t\t\t<\/div>\n\t\t","protected":false},"excerpt":{"rendered":"<p>OSNOVNE INFORMACIJE ZA PLANINSKI KRO\u017dEK \u00a0 Izleti potekajo enkrat mese\u010dno, ob sobotah Cena izleta je odvisna od \u0161tevila prijavljenih otrok, cca 20\u20ac. Denar prinesejo otroci na dan izleta s seboj na zbirno mesto (prosimo za drobi\u017e oziroma pripravljen to\u010den znesek). Zahtevnost izletov je prilagojena starosti in telesni pripravljenosti u\u010dencev (delitev po skupinah-starej\u0161e skupine opravijo pot [&hellip;]<\/p>\n","protected":false},"author":1,"featured_media":0,"parent":0,"menu_order":1,"comment_status":"closed","ping_status":"closed","template":"","meta":{"footnotes":""},"class_list":["post-3246","page","type-page","status-publish","hentry"],"_links":{"self":[{"href":"https:\/\/mo.rasica.org\/index.php\/wp-json\/wp\/v2\/pages\/3246","targetHints":{"allow":["GET"]}}],"collection":[{"href":"https:\/\/mo.rasica.org\/index.php\/wp-json\/wp\/v2\/pages"}],"about":[{"href":"https:\/\/mo.rasica.org\/index.php\/wp-json\/wp\/v2\/types\/page"}],"author":[{"embeddable":true,"href":"https:\/\/mo.rasica.org\/index.php\/wp-json\/wp\/v2\/users\/1"}],"replies":[{"embeddable":true,"href":"https:\/\/mo.rasica.org\/index.php\/wp-json\/wp\/v2\/comments?post=3246"}],"version-history":[{"count":234,"href":"https:\/\/mo.rasica.org\/index.php\/wp-json\/wp\/v2\/pages\/3246\/revisions"}],"predecessor-version":[{"id":5122,"href":"https:\/\/mo.rasica.org\/index.php\/wp-json\/wp\/v2\/pages\/3246\/revisions\/5122"}],"wp:attachment":[{"href":"https:\/\/mo.rasica.org\/index.php\/wp-json\/wp\/v2\/media?parent=3246"}],"curies":[{"name":"wp","href":"https:\/\/api.w.org\/{rel}","templated":true}]}}