{"id":3646,"date":"2022-05-26T13:18:37","date_gmt":"2022-05-26T13:18:37","guid":{"rendered":"http:\/\/mo.rasica.org\/?page_id=3646"},"modified":"2023-09-14T16:34:54","modified_gmt":"2023-09-14T14:34:54","slug":"pristopna-izjava","status":"publish","type":"page","link":"https:\/\/mo.rasica.org\/index.php\/pristopna-izjava\/","title":{"rendered":"Pristopna izjava"},"content":{"rendered":"\n<p><\/p>\n\n\n\n<p>Zaradi zakona o hranjenju podatkov o \u010dlanih dru\u0161tva mora vsak NOV \u010cLAN, ki pla\u010da \u010dlanarino izpolniti tudi pristopno izjavo.&nbsp;<\/p>\n\n\n\n<p><a href=\"http:\/\/www.rasica.org\/wp-content\/uploads\/2012\/02\/pristopna_izjava.pdf\">Elektronsko verzijo izjave<\/a>\u00a0lahko natisnete tukaj:<\/p>\n\n\n\n<div data-wp-interactive=\"core\/file\" class=\"wp-block-file\"><object data-wp-bind--hidden=\"!state.hasPdfPreview\" hidden class=\"wp-block-file__embed\" data=\"https:\/\/mo.rasica.org\/wp-content\/uploads\/2022\/05\/pristopna_izjava_PD-RASICA_dat-2021-11-10_vir-splet-PD-Rasica.pdf\" type=\"application\/pdf\" style=\"width:100%;height:515px\" aria-label=\"Vdelava pristopna_izjava_PD-RASICA_dat-2021-11-10_vir-splet-PD-Rasica\"><\/object><a id=\"wp-block-file--media-b0df8db4-b876-4988-853d-5cc8ed5ef3f6\" href=\"https:\/\/mo.rasica.org\/wp-content\/uploads\/2022\/05\/pristopna_izjava_PD-RASICA_dat-2021-11-10_vir-splet-PD-Rasica.pdf\" target=\"_blank\" rel=\"noreferrer noopener\">pristopna_izjava_PD-RASICA_dat-2021-11-10_vir-splet-PD-Rasica<\/a><a href=\"https:\/\/mo.rasica.org\/wp-content\/uploads\/2022\/05\/pristopna_izjava_PD-RASICA_dat-2021-11-10_vir-splet-PD-Rasica.pdf\" class=\"wp-block-file__button wp-element-button\" download aria-describedby=\"wp-block-file--media-b0df8db4-b876-4988-853d-5cc8ed5ef3f6\">Download<\/a><\/div>\n","protected":false},"excerpt":{"rendered":"<p>Zaradi zakona o hranjenju podatkov o \u010dlanih dru\u0161tva mora vsak NOV \u010cLAN, ki pla\u010da \u010dlanarino izpolniti tudi pristopno izjavo.&nbsp; Elektronsko verzijo izjave\u00a0lahko natisnete tukaj:<\/p>\n","protected":false},"author":1,"featured_media":0,"parent":0,"menu_order":0,"comment_status":"closed","ping_status":"closed","template":"","meta":{"footnotes":""},"class_list":["post-3646","page","type-page","status-publish","hentry"],"_links":{"self":[{"href":"https:\/\/mo.rasica.org\/index.php\/wp-json\/wp\/v2\/pages\/3646","targetHints":{"allow":["GET"]}}],"collection":[{"href":"https:\/\/mo.rasica.org\/index.php\/wp-json\/wp\/v2\/pages"}],"about":[{"href":"https:\/\/mo.rasica.org\/index.php\/wp-json\/wp\/v2\/types\/page"}],"author":[{"embeddable":true,"href":"https:\/\/mo.rasica.org\/index.php\/wp-json\/wp\/v2\/users\/1"}],"replies":[{"embeddable":true,"href":"https:\/\/mo.rasica.org\/index.php\/wp-json\/wp\/v2\/comments?post=3646"}],"version-history":[{"count":13,"href":"https:\/\/mo.rasica.org\/index.php\/wp-json\/wp\/v2\/pages\/3646\/revisions"}],"predecessor-version":[{"id":5012,"href":"https:\/\/mo.rasica.org\/index.php\/wp-json\/wp\/v2\/pages\/3646\/revisions\/5012"}],"wp:attachment":[{"href":"https:\/\/mo.rasica.org\/index.php\/wp-json\/wp\/v2\/media?parent=3646"}],"curies":[{"name":"wp","href":"https:\/\/api.w.org\/{rel}","templated":true}]}}