{"id":3648,"date":"2022-05-26T13:18:50","date_gmt":"2022-05-26T13:18:50","guid":{"rendered":"http:\/\/mo.rasica.org\/?page_id=3648"},"modified":"2023-08-30T14:38:26","modified_gmt":"2023-08-30T12:38:26","slug":"clanarina","status":"publish","type":"page","link":"https:\/\/mo.rasica.org\/index.php\/clanarina\/","title":{"rendered":"\u010clanarina"},"content":{"rendered":"\n<h2 class=\"wp-block-heading\">INFORMACIJE O \u010cLANARINI V PD RA\u0160ICA<\/h2>\n\n\n\n<p><\/p>\n\n\n\n<p style=\"font-size:16px\"><p style=\"font-size:20px\">Z v\u010dlanitvijo v PD Ra\u0161ica pridobite pravico do udele\u017ebe pri aktivnostih dru\u0161tva, s \u010dimer\u00a0ste zavarovani.<\/p><\/p>\n\n\n\n<p style=\"font-size:16px\">Ob za\u010detku \u0161olskega leta (septembra) skupaj uredimo jesensko \u010dlanarino (ta velja sept-dec). V za\u010detku koledarskega leta pa letno \u010dlanarino za teko\u010de leto. <\/p>\n\n\n\n<p style=\"font-size:16px\">V kolikor ta datum zamudite, lahko \u010dlanarino uredite sami preko spletne strani: <a href=\"https:\/\/clanarina.pzs.si\/\" target=\"_blank\" rel=\"noreferrer noopener\">https:\/\/clanarina.pzs.si\/<\/a><\/p>\n\n\n\n<p style=\"font-size:16px\"><strong>Urejena \u010dlanarina za teko\u010de leto je pogoj za udele\u017ebo na izletih!<\/strong><\/p>\n\n\n\n<p style=\"font-size:16px\"><p style=\"font-size:20px\"><em>Z v\u010dlanitvijo v va\u0161e izbrano planinsko dru\u0161tvo podprete tudi delovanje planinskih dru\u0161tev, alpinisti\u010dnih, \u0161portnoplezalnih in ostalih klubov, zdru\u017eenih v Planinsko zvezo Slovenije<\/em><\/p><\/p>\n\n\n\n<h2 class=\"wp-block-heading\">KAJ POTREBUJEM?<\/h2>\n\n\n\n<p><\/p>\n\n\n\n<ul class=\"wp-block-list\">\n<li>PRISTOPNO IZJAVO: Zaradi zakona o hranjenju podatkov o \u010dlanih dru\u0161tva mora vsak NOV \u010cLAN, ki pla\u010da \u010dlanarino izpolniti tudi pristopno izjavo.\u00a0<a href=\"http:\/\/www.rasica.org\/wp-content\/uploads\/2012\/02\/pristopna_izjava.pdf\">Elektronsko verzijo izjave<\/a>\u00a0lahko natisnete in prinesete s seboj.<\/li>\n\n\n\n<li>Dnevnik mladega planinca (novi \u010dlani ga dobite pri na\u0161ih vodnikih ob vpisu)<\/li>\n\n\n\n<li>Znesek \u010dlanarine (glej tabelo spodaj)<\/li>\n<\/ul>\n\n\n\n<p><\/p>\n\n\n\n<p class=\"has-medium-font-size\"><strong>MO\u017dNOST PLA\u010cILA \u010cLANARINE<\/strong><\/p>\n\n\n\n<ul class=\"wp-block-list\">\n<li>SEPTEMBRA (pred prvim izletom v novem \u0161olskem letu, jesenska \u010dlanarina) v prostorih O\u0160 Vi\u010d<\/li>\n\n\n\n<li>JANUARJA (celoletna \u010dlanarina za teko\u010de leto), v prostorih O\u0160 Vi\u010d<\/li>\n<\/ul>\n\n\n\n<p class=\"has-text-align-center\"><em>&#8212;-o to\u010dnem datumu vas predhodno obvestimo.<\/em><\/p>\n\n\n\n<ul class=\"wp-block-list\">\n<li>v\u010dlanitev je mo\u017ena tudi\u00a0<a href=\"https:\/\/www.pzs.si\/vsebina.php?pid=20\"><strong>na sede\u017eu Planinske zveze Slovenije v Ljubljani<\/strong><\/a><\/li>\n<\/ul>\n\n\n\n<ul class=\"wp-block-list\">\n<li>na spletnem portalu\u00a0<a href=\"https:\/\/clanarina.pzs.si\/\"><strong>clanarina.pzs.si<\/strong><\/a><\/li>\n<\/ul>\n\n\n\n<ul class=\"wp-block-list\">\n<li>v poletnih mesecih pa tudi na bencinskih servisih\u00a0<a href=\"http:\/\/www.petrol.si\/bencinski-servisi\/zemljevid\"><strong>Petrol<\/strong><\/a><\/li>\n<\/ul>\n\n\n\n<p><\/p>\n\n\n\n<p>Planinska \u010dlanarina\u00a0je veljavna od dneva v\u010dlanitve do 31.\u00a0januarja\u00a02024. \u010clansko zavarovanje je neprekinjeno veljavno do 31. januarja 2024, \u010de do takrat podalj\u0161ate tudi \u010dlanstvo. Sicer je veljavno le do 31. decembra.<\/p>\n\n\n\n<p><strong>Urejena \u010dlanarina za teko\u010de leto je pogoj za udele\u017ebo na izletih!<\/strong> <\/p>\n\n\n\n<h2 class=\"wp-block-heading\">UGODNOSTI<\/h2>\n\n\n\n<p><\/p>\n\n\n\n<ul class=\"wp-block-list\">\n<li><a rel=\"noreferrer noopener\" href=\"https:\/\/www.pzs.si\/vsebina.php?pid=13\" target=\"_blank\">\u010clani PZS<\/a>\u00a0smo\u00a0<a href=\"https:\/\/www.pzs.si\/vsebina.php?pid=79\">nezgodno zavarovani\u00a0za opravljanje \u0161tevilnih planinskih in gorni\u0161kih dejavnosti<\/a>. Zavarovanje krije tudi stro\u0161ke re\u0161evanja v tujini s 24-urno asistenco in zdravstveno asistenco za tujino ter zavarovanje zasebne odgovornosti \u010dlanov PZS.<\/li>\n<\/ul>\n\n\n\n<ul class=\"wp-block-list\">\n<li>Kot \u010dlani PZS smo v \u0161tevilnih\u00a0trgovinah\u00a0z gorni\u0161ko in plezalno opremo\u00a0<a href=\"https:\/\/www.pzs.si\/vsebina.php?pid=13\">dele\u017eni nekaterih\u00a0ugodnosti<\/a>.<\/li>\n<\/ul>\n\n\n\n<p><\/p>\n\n\n\n<p class=\"has-text-color\" style=\"color:#d93f3f;font-size:18px\">Cena posamezne vrste \u010dlanarine za leto 2022:<\/p>\n\n\n\n<figure class=\"wp-block-table\"><table><tbody><tr><td>Tip \u010dlanarine<\/td><td>PZS cena (v \u20ac)<\/td><td>PD Ra\u0161ica cena (v \u20ac)<\/td><\/tr><tr><td>A<\/td><td>68<\/td><td>68<\/td><\/tr><tr><td>A dru\u017einska<\/td><td>61,80<\/td><td>55<\/td><\/tr><tr><td>B<\/td><td>28<\/td><td>28<\/td><\/tr><tr><td>B1<\/td><td>21<\/td><td>21<\/td><\/tr><tr><td>B dru\u017einska<\/td><td>22,60<\/td><td>23<\/td><\/tr><tr><td>S+\u0160<\/td><td>18,50<\/td><td>19<\/td><\/tr><tr><td>S+\u0160 dru\u017einska<\/td><td>15<\/td><td>15<\/td><\/tr><tr><td>P+O<\/td><td>8<\/td><td>8<\/td><\/tr><tr><td>P+O dru\u017einska<\/td><td>6,40<\/td><td>6<\/td><\/tr><\/tbody><\/table><\/figure>\n\n\n\n<p><\/p>\n\n\n\n<p><\/p>\n","protected":false},"excerpt":{"rendered":"<p>INFORMACIJE O \u010cLANARINI V PD RA\u0160ICA Z v\u010dlanitvijo v PD Ra\u0161ica pridobite pravico do udele\u017ebe pri aktivnostih dru\u0161tva, s \u010dimer\u00a0ste zavarovani. Ob za\u010detku \u0161olskega leta (septembra) skupaj uredimo jesensko \u010dlanarino (ta velja sept-dec). V za\u010detku koledarskega leta pa letno \u010dlanarino za teko\u010de leto. V kolikor ta datum zamudite, lahko \u010dlanarino uredite sami preko spletne strani: [&hellip;]<\/p>\n","protected":false},"author":1,"featured_media":0,"parent":0,"menu_order":0,"comment_status":"closed","ping_status":"closed","template":"","meta":{"footnotes":""},"class_list":["post-3648","page","type-page","status-publish","hentry"],"_links":{"self":[{"href":"https:\/\/mo.rasica.org\/index.php\/wp-json\/wp\/v2\/pages\/3648","targetHints":{"allow":["GET"]}}],"collection":[{"href":"https:\/\/mo.rasica.org\/index.php\/wp-json\/wp\/v2\/pages"}],"about":[{"href":"https:\/\/mo.rasica.org\/index.php\/wp-json\/wp\/v2\/types\/page"}],"author":[{"embeddable":true,"href":"https:\/\/mo.rasica.org\/index.php\/wp-json\/wp\/v2\/users\/1"}],"replies":[{"embeddable":true,"href":"https:\/\/mo.rasica.org\/index.php\/wp-json\/wp\/v2\/comments?post=3648"}],"version-history":[{"count":24,"href":"https:\/\/mo.rasica.org\/index.php\/wp-json\/wp\/v2\/pages\/3648\/revisions"}],"predecessor-version":[{"id":5213,"href":"https:\/\/mo.rasica.org\/index.php\/wp-json\/wp\/v2\/pages\/3648\/revisions\/5213"}],"wp:attachment":[{"href":"https:\/\/mo.rasica.org\/index.php\/wp-json\/wp\/v2\/media?parent=3648"}],"curies":[{"name":"wp","href":"https:\/\/api.w.org\/{rel}","templated":true}]}}