{"id":4683,"date":"2023-09-05T10:34:29","date_gmt":"2023-09-05T08:34:29","guid":{"rendered":"https:\/\/mo.rasica.org\/?page_id=4683"},"modified":"2023-09-19T11:52:03","modified_gmt":"2023-09-19T09:52:03","slug":"nase-naloge","status":"publish","type":"page","link":"https:\/\/mo.rasica.org\/index.php\/nase-naloge\/","title":{"rendered":"Na\u0161e naloge"},"content":{"rendered":"\t\t<div data-elementor-type=\"wp-page\" data-elementor-id=\"4683\" class=\"elementor elementor-4683\" data-elementor-settings=\"[]\">\n\t\t\t\t\t\t\t<div class=\"elementor-section-wrap\">\n\t\t\t\t\t\t\t<section class=\"elementor-section elementor-top-section elementor-element elementor-element-6641985 elementor-section-boxed elementor-section-height-default elementor-section-height-default\" data-id=\"6641985\" data-element_type=\"section\">\r\n\t\t\t\r\n\t\t\t\t\t\t\t\t\t<div class=\"elementor-container elementor-column-gap-default\">\r\n\t\t\t\t\t\t\t\t\t\t\t<div class=\"elementor-column elementor-col-100 elementor-top-column elementor-element elementor-element-8088e96\" data-id=\"8088e96\" data-element_type=\"column\">\r\n\r\n\t\t\t\t\t<div class=\"elementor-widget-wrap elementor-element-populated\">\r\n\t\t\t\t\t\t\t\t<div class=\"elementor-element elementor-element-20a573d elementor-widget elementor-widget-heading\" data-id=\"20a573d\" data-element_type=\"widget\" data-widget_type=\"heading.default\">\n\t\t\t\t<div class=\"elementor-widget-container\">\n\t\t\t<style>\/*! elementor - v3.5.6 - 28-02-2022 *\/\n.elementor-heading-title{padding:0;margin:0;line-height:1}.elementor-widget-heading .elementor-heading-title[class*=elementor-size-]>a{color:inherit;font-size:inherit;line-height:inherit}.elementor-widget-heading .elementor-heading-title.elementor-size-small{font-size:15px}.elementor-widget-heading .elementor-heading-title.elementor-size-medium{font-size:19px}.elementor-widget-heading .elementor-heading-title.elementor-size-large{font-size:29px}.elementor-widget-heading .elementor-heading-title.elementor-size-xl{font-size:39px}.elementor-widget-heading .elementor-heading-title.elementor-size-xxl{font-size:59px}<\/style><h2 class=\"elementor-heading-title elementor-size-default\">Na\u0161e naloge<br><\/h2>\t\t<\/div>\n\t\t\t\t<\/div>\n\t\t\t\t<div class=\"elementor-element elementor-element-028ab4d elementor-view-default elementor-widget elementor-widget-icon\" data-id=\"028ab4d\" data-element_type=\"widget\" data-widget_type=\"icon.default\">\n\t\t\t\t<div class=\"elementor-widget-container\">\n\t\t\t\t\t<div class=\"elementor-icon-wrapper\">\n\t\t\t<div class=\"elementor-icon\">\n\t\t\t<i aria-hidden=\"true\" class=\"far fa-circle\"><\/i>\t\t\t<\/div>\n\t\t<\/div>\n\t\t\t\t<\/div>\n\t\t\t\t<\/div>\n\t\t\t\t<div class=\"elementor-element elementor-element-ea352e1 elementor-widget elementor-widget-text-editor\" data-id=\"ea352e1\" data-element_type=\"widget\" data-widget_type=\"text-editor.default\">\n\t\t\t\t<div class=\"elementor-widget-container\">\n\t\t\t<style>\/*! elementor - v3.5.6 - 28-02-2022 *\/\n.elementor-widget-text-editor.elementor-drop-cap-view-stacked .elementor-drop-cap{background-color:#818a91;color:#fff}.elementor-widget-text-editor.elementor-drop-cap-view-framed .elementor-drop-cap{color:#818a91;border:3px solid;background-color:transparent}.elementor-widget-text-editor:not(.elementor-drop-cap-view-default) .elementor-drop-cap{margin-top:8px}.elementor-widget-text-editor:not(.elementor-drop-cap-view-default) .elementor-drop-cap-letter{width:1em;height:1em}.elementor-widget-text-editor .elementor-drop-cap{float:left;text-align:center;line-height:1;font-size:50px}.elementor-widget-text-editor .elementor-drop-cap-letter{display:inline-block}<\/style>\t\t\t\t<ol><li>Izobra\u017eevanje in u\u010denje: Mladinski odsek ima pomembno vlogo pri izobra\u017eevanju mladih \u010dlanov o varnosti v gorah, orientaciji, uporabi gorni\u0161ke opreme in drugih ve\u0161\u010dinah, potrebnih za varno in odgovorno gorni\u0161tvo.<\/li><li>Izleti: Organiziranje izletov, prilagojenih mladim, da jim omogo\u010dimo prilo\u017enost za raziskovanje gorskega okolja, spodbujamo telesno aktivnost in dru\u017eenje.<\/li><li>Pustolov\u0161\u010dine v naravi: Organizacija avanturisti\u010dnih dejavnosti, da spodbujamo mlade k preizku\u0161anju novih izzivov in raz\u0161irjanju svojih spretnosti.<\/li><li>Ekolo\u0161ka zavest: Zavzemamo se za ozave\u0161\u010danje o pomenu ohranjanja narave in okolja. Spodbujamo mlade k aktivnemu varovanju gorskega okolja.<\/li><li>Skupnost in dru\u017eabnost: Spodbujanje dru\u017eabnosti in povezovanja med mladimi \u010dlani. Mladi lahko razvijajo trajna prijateljstva in delijo svoje izku\u0161nje.<\/li><li>Spodbujanje aktivnega \u017eivljenjskega sloga: Spodbujamo zdrav \u017eivljenjski slog in telesno aktivnost med mladimi, kar prispeva k njihovemu celostnemu razvoju.<\/li><\/ol><p>Mladinski odsek Planinskega dru\u0161tva je prostor, kjer mladi lahko razvijajo svoje interese za naravo, gorske dejavnosti in okolje, hkrati pa se povezujejo z vrstniki in izku\u0161enimi mentorji. Namen tega odseka je ustvariti mo\u017enosti za nepozabne izku\u0161nje v naravi ter spodbujati trajno ljubezen do gora in narave med mladimi generacijami.<\/p>\t\t\t\t\t\t<\/div>\n\t\t\t\t<\/div>\n\t\t\t\t\t<\/div>\r\n\t\t\t\t<\/div>\r\n\t\t\t\t\t\t<\/div>\r\n\t\t\t\t<\/section>\r\n\t\t\t\t<section class=\"elementor-section elementor-top-section elementor-element elementor-element-5871f82 elementor-section-boxed elementor-section-height-default elementor-section-height-default\" data-id=\"5871f82\" data-element_type=\"section\">\r\n\t\t\t\r\n\t\t\t\t\t\t\t\t\t<div class=\"elementor-container elementor-column-gap-default\">\r\n\t\t\t\t\t\t\t\t\t\t\t<div class=\"elementor-column elementor-col-100 elementor-top-column elementor-element elementor-element-e9686b2\" data-id=\"e9686b2\" data-element_type=\"column\">\r\n\r\n\t\t\t\t\t<div class=\"elementor-widget-wrap elementor-element-populated\">\r\n\t\t\t\t\t\t\t\t<div class=\"elementor-element elementor-element-f8e644d elementor-widget elementor-widget-image-gallery\" data-id=\"f8e644d\" data-element_type=\"widget\" data-widget_type=\"image-gallery.default\">\n\t\t\t\t<div class=\"elementor-widget-container\">\n\t\t\t<style>.elementor-image-gallery .gallery-item{display:inline-block;text-align:center;vertical-align:top;width:100%;max-width:100%;margin:0 auto}.elementor-image-gallery .gallery-item img{margin:0 auto}.elementor-image-gallery .gallery-item .gallery-caption{margin:0}.elementor-image-gallery figure img{display:block}.elementor-image-gallery figure figcaption{width:100%}.gallery-spacing-custom .elementor-image-gallery .gallery-icon{padding:0}@media (min-width:768px){.elementor-image-gallery .gallery-columns-2 .gallery-item{max-width:50%}.elementor-image-gallery .gallery-columns-3 .gallery-item{max-width:33.33%}.elementor-image-gallery .gallery-columns-4 .gallery-item{max-width:25%}.elementor-image-gallery .gallery-columns-5 .gallery-item{max-width:20%}.elementor-image-gallery .gallery-columns-6 .gallery-item{max-width:16.666%}.elementor-image-gallery .gallery-columns-7 .gallery-item{max-width:14.28%}.elementor-image-gallery .gallery-columns-8 .gallery-item{max-width:12.5%}.elementor-image-gallery .gallery-columns-9 .gallery-item{max-width:11.11%}.elementor-image-gallery .gallery-columns-10 .gallery-item{max-width:10%}}@media (min-width:480px) and (max-width:767px){.elementor-image-gallery .gallery.gallery-columns-2 .gallery-item,.elementor-image-gallery .gallery.gallery-columns-3 .gallery-item,.elementor-image-gallery .gallery.gallery-columns-4 .gallery-item,.elementor-image-gallery .gallery.gallery-columns-5 .gallery-item,.elementor-image-gallery .gallery.gallery-columns-6 .gallery-item,.elementor-image-gallery .gallery.gallery-columns-7 .gallery-item,.elementor-image-gallery .gallery.gallery-columns-8 .gallery-item,.elementor-image-gallery .gallery.gallery-columns-9 .gallery-item,.elementor-image-gallery .gallery.gallery-columns-10 .gallery-item{max-width:50%}}@media (max-width:479px){.elementor-image-gallery .gallery.gallery-columns-2 .gallery-item,.elementor-image-gallery .gallery.gallery-columns-3 .gallery-item,.elementor-image-gallery .gallery.gallery-columns-4 .gallery-item,.elementor-image-gallery .gallery.gallery-columns-5 .gallery-item,.elementor-image-gallery .gallery.gallery-columns-6 .gallery-item,.elementor-image-gallery .gallery.gallery-columns-7 .gallery-item,.elementor-image-gallery .gallery.gallery-columns-8 .gallery-item,.elementor-image-gallery .gallery.gallery-columns-9 .gallery-item,.elementor-image-gallery .gallery.gallery-columns-10 .gallery-item{max-width:100%}}<\/style>\t\t<div class=\"elementor-image-gallery\">\n\t\t\t<div id='gallery-1' class='gallery galleryid-4683 gallery-columns-4 gallery-size-thumbnail'><figure class='gallery-item'>\n\t\t\t<div class='gallery-icon landscape'>\n\t\t\t\t<a data-elementor-open-lightbox=\"yes\" data-elementor-lightbox-slideshow=\"f8e644d\" data-elementor-lightbox-title=\"20210905_111543\" e-action-hash=\"#elementor-action%3Aaction%3Dlightbox%26settings%3DeyJpZCI6NDQzMiwidXJsIjoiaHR0cHM6XC9cL21vLnJhc2ljYS5vcmdcL3dwLWNvbnRlbnRcL3VwbG9hZHNcLzIwMjNcLzA0XC8yMDIxMDkwNV8xMTE1NDMtc2NhbGVkLmpwZyIsInNsaWRlc2hvdyI6ImY4ZTY0NGQifQ%3D%3D\" href='https:\/\/mo.rasica.org\/wp-content\/uploads\/2023\/04\/20210905_111543-scaled.jpg'><img loading=\"lazy\" decoding=\"async\" width=\"150\" height=\"150\" src=\"https:\/\/mo.rasica.org\/wp-content\/uploads\/2023\/04\/20210905_111543-150x150.jpg\" class=\"attachment-thumbnail size-thumbnail\" alt=\"\" \/><\/a>\n\t\t\t<\/div><\/figure><figure class='gallery-item'>\n\t\t\t<div class='gallery-icon landscape'>\n\t\t\t\t<a data-elementor-open-lightbox=\"yes\" data-elementor-lightbox-slideshow=\"f8e644d\" data-elementor-lightbox-title=\"20200905_131614\" e-action-hash=\"#elementor-action%3Aaction%3Dlightbox%26settings%3DeyJpZCI6NDU0OCwidXJsIjoiaHR0cHM6XC9cL21vLnJhc2ljYS5vcmdcL3dwLWNvbnRlbnRcL3VwbG9hZHNcLzIwMjNcLzA4XC8yMDIwMDkwNV8xMzE2MTQtc2NhbGVkLmpwZyIsInNsaWRlc2hvdyI6ImY4ZTY0NGQifQ%3D%3D\" href='https:\/\/mo.rasica.org\/wp-content\/uploads\/2023\/08\/20200905_131614-scaled.jpg'><img loading=\"lazy\" decoding=\"async\" width=\"150\" height=\"150\" src=\"https:\/\/mo.rasica.org\/wp-content\/uploads\/2023\/08\/20200905_131614-150x150.jpg\" class=\"attachment-thumbnail size-thumbnail\" alt=\"\" \/><\/a>\n\t\t\t<\/div><\/figure><figure class='gallery-item'>\n\t\t\t<div class='gallery-icon landscape'>\n\t\t\t\t<a data-elementor-open-lightbox=\"yes\" data-elementor-lightbox-slideshow=\"f8e644d\" data-elementor-lightbox-title=\"20210724_065057\" e-action-hash=\"#elementor-action%3Aaction%3Dlightbox%26settings%3DeyJpZCI6NDcwOCwidXJsIjoiaHR0cHM6XC9cL21vLnJhc2ljYS5vcmdcL3dwLWNvbnRlbnRcL3VwbG9hZHNcLzIwMjNcLzA5XC8yMDIxMDcyNF8wNjUwNTctc2NhbGVkLmpwZyIsInNsaWRlc2hvdyI6ImY4ZTY0NGQifQ%3D%3D\" href='https:\/\/mo.rasica.org\/wp-content\/uploads\/2023\/09\/20210724_065057-scaled.jpg'><img loading=\"lazy\" decoding=\"async\" width=\"150\" height=\"150\" src=\"https:\/\/mo.rasica.org\/wp-content\/uploads\/2023\/09\/20210724_065057-150x150.jpg\" class=\"attachment-thumbnail size-thumbnail\" alt=\"\" \/><\/a>\n\t\t\t<\/div><\/figure><figure class='gallery-item'>\n\t\t\t<div class='gallery-icon landscape'>\n\t\t\t\t<a data-elementor-open-lightbox=\"yes\" data-elementor-lightbox-slideshow=\"f8e644d\" data-elementor-lightbox-title=\"253698046_1362675167521217_6940793755454252819_n\" e-action-hash=\"#elementor-action%3Aaction%3Dlightbox%26settings%3DeyJpZCI6NDc3MSwidXJsIjoiaHR0cHM6XC9cL21vLnJhc2ljYS5vcmdcL3dwLWNvbnRlbnRcL3VwbG9hZHNcLzIwMjNcLzA5XC8yNTM2OTgwNDZfMTM2MjY3NTE2NzUyMTIxN182OTQwNzkzNzU1NDU0MjUyODE5X24uanBnIiwic2xpZGVzaG93IjoiZjhlNjQ0ZCJ9\" href='https:\/\/mo.rasica.org\/wp-content\/uploads\/2023\/09\/253698046_1362675167521217_6940793755454252819_n.jpg'><img loading=\"lazy\" decoding=\"async\" width=\"150\" height=\"150\" src=\"https:\/\/mo.rasica.org\/wp-content\/uploads\/2023\/09\/253698046_1362675167521217_6940793755454252819_n-150x150.jpg\" class=\"attachment-thumbnail size-thumbnail\" alt=\"\" \/><\/a>\n\t\t\t<\/div><\/figure>\n\t\t<\/div>\n\t\t<\/div>\n\t\t\t\t<\/div>\n\t\t\t\t<\/div>\n\t\t\t\t\t<\/div>\r\n\t\t\t\t<\/div>\r\n\t\t\t\t\t\t<\/div>\r\n\t\t\t\t<\/section>\r\n\t\t\t\t\t\t<\/div>\n\t\t\t\t\t<\/div>\n\t\t","protected":false},"excerpt":{"rendered":"<p>Na\u0161e naloge Izobra\u017eevanje in u\u010denje: Mladinski odsek ima pomembno vlogo pri izobra\u017eevanju mladih \u010dlanov o varnosti v gorah, orientaciji, uporabi gorni\u0161ke opreme in drugih ve\u0161\u010dinah, potrebnih za varno in odgovorno gorni\u0161tvo. Izleti: Organiziranje izletov, prilagojenih mladim, da jim omogo\u010dimo prilo\u017enost za raziskovanje gorskega okolja, spodbujamo telesno aktivnost in dru\u017eenje. Pustolov\u0161\u010dine v naravi: Organizacija avanturisti\u010dnih dejavnosti, [&hellip;]<\/p>\n","protected":false},"author":3,"featured_media":0,"parent":0,"menu_order":2,"comment_status":"closed","ping_status":"closed","template":"","meta":{"footnotes":""},"class_list":["post-4683","page","type-page","status-publish","hentry"],"_links":{"self":[{"href":"https:\/\/mo.rasica.org\/index.php\/wp-json\/wp\/v2\/pages\/4683","targetHints":{"allow":["GET"]}}],"collection":[{"href":"https:\/\/mo.rasica.org\/index.php\/wp-json\/wp\/v2\/pages"}],"about":[{"href":"https:\/\/mo.rasica.org\/index.php\/wp-json\/wp\/v2\/types\/page"}],"author":[{"embeddable":true,"href":"https:\/\/mo.rasica.org\/index.php\/wp-json\/wp\/v2\/users\/3"}],"replies":[{"embeddable":true,"href":"https:\/\/mo.rasica.org\/index.php\/wp-json\/wp\/v2\/comments?post=4683"}],"version-history":[{"count":31,"href":"https:\/\/mo.rasica.org\/index.php\/wp-json\/wp\/v2\/pages\/4683\/revisions"}],"predecessor-version":[{"id":5128,"href":"https:\/\/mo.rasica.org\/index.php\/wp-json\/wp\/v2\/pages\/4683\/revisions\/5128"}],"wp:attachment":[{"href":"https:\/\/mo.rasica.org\/index.php\/wp-json\/wp\/v2\/media?parent=4683"}],"curies":[{"name":"wp","href":"https:\/\/api.w.org\/{rel}","templated":true}]}}