{"id":4690,"date":"2023-09-05T10:44:11","date_gmt":"2023-09-05T08:44:11","guid":{"rendered":"https:\/\/mo.rasica.org\/?page_id=4690"},"modified":"2024-02-17T16:54:57","modified_gmt":"2024-02-17T15:54:57","slug":"kdo-smo","status":"publish","type":"page","link":"https:\/\/mo.rasica.org\/index.php\/kdo-smo\/","title":{"rendered":"Kdo smo"},"content":{"rendered":"\t\t<div data-elementor-type=\"wp-page\" data-elementor-id=\"4690\" class=\"elementor elementor-4690\" data-elementor-settings=\"[]\">\n\t\t\t\t\t\t\t<div class=\"elementor-section-wrap\">\n\t\t\t\t\t\t\t<section class=\"elementor-section elementor-top-section elementor-element elementor-element-7560d626 elementor-section-boxed elementor-section-height-default elementor-section-height-default\" data-id=\"7560d626\" data-element_type=\"section\">\r\n\t\t\t\r\n\t\t\t\t\t\t\t\t\t<div class=\"elementor-container elementor-column-gap-default\">\r\n\t\t\t\t\t\t\t\t\t\t\t<div class=\"elementor-column elementor-col-100 elementor-top-column elementor-element elementor-element-1887a3f1\" data-id=\"1887a3f1\" data-element_type=\"column\">\r\n\r\n\t\t\t\t\t<div class=\"elementor-widget-wrap elementor-element-populated\">\r\n\t\t\t\t\t\t\t\t<div class=\"elementor-element elementor-element-17e0f213 elementor-widget elementor-widget-text-editor\" data-id=\"17e0f213\" data-element_type=\"widget\" data-widget_type=\"text-editor.default\">\n\t\t\t\t<div class=\"elementor-widget-container\">\n\t\t\t<style>\/*! elementor - v3.5.6 - 28-02-2022 *\/\n.elementor-widget-text-editor.elementor-drop-cap-view-stacked .elementor-drop-cap{background-color:#818a91;color:#fff}.elementor-widget-text-editor.elementor-drop-cap-view-framed .elementor-drop-cap{color:#818a91;border:3px solid;background-color:transparent}.elementor-widget-text-editor:not(.elementor-drop-cap-view-default) .elementor-drop-cap{margin-top:8px}.elementor-widget-text-editor:not(.elementor-drop-cap-view-default) .elementor-drop-cap-letter{width:1em;height:1em}.elementor-widget-text-editor .elementor-drop-cap{float:left;text-align:center;line-height:1;font-size:50px}.elementor-widget-text-editor .elementor-drop-cap-letter{display:inline-block}<\/style>\t\t\t\t<p><!-- wp:paragraph --><\/p>\n<p><!-- \/wp:paragraph --><\/p>\n<p><!-- wp:paragraph --><\/p>\n<h1>Kdo smo?<\/h1>\n<p><!-- \/wp:paragraph --><\/p>\t\t\t\t\t\t<\/div>\n\t\t\t\t<\/div>\n\t\t\t\t\t<\/div>\r\n\t\t\t\t<\/div>\r\n\t\t\t\t\t\t<\/div>\r\n\t\t\t\t<\/section>\r\n\t\t\t\t<section class=\"elementor-section elementor-top-section elementor-element elementor-element-8f51c1a elementor-section-boxed elementor-section-height-default elementor-section-height-default\" data-id=\"8f51c1a\" data-element_type=\"section\">\r\n\t\t\t\r\n\t\t\t\t\t\t\t\t\t<div class=\"elementor-container elementor-column-gap-default\">\r\n\t\t\t\t\t\t\t\t\t\t\t<div class=\"elementor-column elementor-col-25 elementor-top-column elementor-element elementor-element-4dbccb3\" data-id=\"4dbccb3\" data-element_type=\"column\">\r\n\r\n\t\t\t\t\t<div class=\"elementor-widget-wrap elementor-element-populated\">\r\n\t\t\t\t\t\t\t\t<div class=\"elementor-element elementor-element-ceda202 elementor-widget elementor-widget-text-editor\" data-id=\"ceda202\" data-element_type=\"widget\" data-widget_type=\"text-editor.default\">\n\t\t\t\t<div class=\"elementor-widget-container\">\n\t\t\t\t\t\t\t<h4 style=\"--porto-h4-ff: &quot;Playfair Display&quot;; --porto-h4-fw: 700; --porto-h4-fs: 16.8px; --porto-h4-lh: 27px; --porto-h4-color: #212529;\"><span style=\"font-family: var( --e-global-typography-text-font-family ), Sintony; letter-spacing: 0px;\">Smo Mladinski odsek Ra\u0161ica, ki deluje v okviru Planinskega dru\u0161tva Ra\u0161ica. V sodelovanju z O\u0160 Vi\u010d in njihovimi u\u010ditelji ter mentorji, uspe\u0161no gradimo \u010dudovito skupnost \u017ee vrsto let.<\/span><\/h4><h4><span style=\"letter-spacing: -0.05em;\">&nbsp;<\/span><br><\/h4>\t\t\t\t\t\t<\/div>\n\t\t\t\t<\/div>\n\t\t\t\t\t<\/div>\r\n\t\t\t\t<\/div>\r\n\t\t\t\t<div class=\"elementor-column elementor-col-50 elementor-top-column elementor-element elementor-element-917a68a\" data-id=\"917a68a\" data-element_type=\"column\">\r\n\r\n\t\t\t\t\t<div class=\"elementor-widget-wrap elementor-element-populated\">\r\n\t\t\t\t\t\t\t\t<div class=\"elementor-element elementor-element-af8b7c9 elementor-widget elementor-widget-image\" data-id=\"af8b7c9\" data-element_type=\"widget\" data-widget_type=\"image.default\">\n\t\t\t\t<div class=\"elementor-widget-container\">\n\t\t\t<style>\/*! elementor - v3.5.6 - 28-02-2022 *\/\n.elementor-widget-image{text-align:center}.elementor-widget-image a{display:inline-block}.elementor-widget-image a img[src$=\".svg\"]{width:48px}.elementor-widget-image img{vertical-align:middle;display:inline-block}<\/style>\t\t\t\t\t\t\t\t\t\t\t\t<img loading=\"lazy\" decoding=\"async\" width=\"768\" height=\"1024\" src=\"https:\/\/mo.rasica.org\/wp-content\/uploads\/2023\/09\/image7-768x1024.jpeg\" class=\"attachment-large size-large\" alt=\"\" srcset=\"https:\/\/mo.rasica.org\/wp-content\/uploads\/2023\/09\/image7-768x1024.jpeg 768w, https:\/\/mo.rasica.org\/wp-content\/uploads\/2023\/09\/image7-640x853.jpeg 640w, https:\/\/mo.rasica.org\/wp-content\/uploads\/2023\/09\/image7-400x533.jpeg 400w, https:\/\/mo.rasica.org\/wp-content\/uploads\/2023\/09\/image7-367x489.jpeg 367w\" sizes=\"auto, (max-width: 768px) 100vw, 768px\" \/>\t\t\t\t\t\t\t\t\t\t\t\t\t\t\t<\/div>\n\t\t\t\t<\/div>\n\t\t\t\t\t<\/div>\r\n\t\t\t\t<\/div>\r\n\t\t\t\t<div class=\"elementor-column elementor-col-25 elementor-top-column elementor-element elementor-element-3558d7d\" data-id=\"3558d7d\" data-element_type=\"column\">\r\n\r\n\t\t\t\t\t<div class=\"elementor-widget-wrap elementor-element-populated\">\r\n\t\t\t\t\t\t\t\t<div class=\"elementor-element elementor-element-3074b97 elementor-widget elementor-widget-text-editor\" data-id=\"3074b97\" data-element_type=\"widget\" data-widget_type=\"text-editor.default\">\n\t\t\t\t<div class=\"elementor-widget-container\">\n\t\t\t\t\t\t\t<h4>Smo dinami\u010dna in navdihujo\u010da skupnost posameznikov, ki delijo strast do narave, pohodni\u0161tva, in razli\u010dnih aktivnosti v gorskem okolju. Ta odsek je posebej zasnovan za mlade \u010dlane dru\u0161tva, v starostnem razponu od otrok do mladih odraslih in jim ponuja prilo\u017enost za raziskovanje, u\u010denje ter sodelovanje v aktivnostih, prilagojenih njihovim potrebam in interesom.<\/h4>\t\t\t\t\t\t<\/div>\n\t\t\t\t<\/div>\n\t\t\t\t\t<\/div>\r\n\t\t\t\t<\/div>\r\n\t\t\t\t\t\t<\/div>\r\n\t\t\t\t<\/section>\r\n\t\t\t\t<section class=\"elementor-section elementor-top-section elementor-element elementor-element-03db1eb elementor-section-boxed elementor-section-height-default elementor-section-height-default\" data-id=\"03db1eb\" data-element_type=\"section\">\r\n\t\t\t\r\n\t\t\t\t\t\t\t\t\t<div class=\"elementor-container elementor-column-gap-default\">\r\n\t\t\t\t\t\t\t\t\t\t\t<div class=\"elementor-column elementor-col-50 elementor-top-column elementor-element elementor-element-0de90ed\" data-id=\"0de90ed\" data-element_type=\"column\">\r\n\r\n\t\t\t\t\t<div class=\"elementor-widget-wrap elementor-element-populated\">\r\n\t\t\t\t\t\t\t\t<div class=\"elementor-element elementor-element-ccdc960 elementor-widget elementor-widget-image\" data-id=\"ccdc960\" data-element_type=\"widget\" data-widget_type=\"image.default\">\n\t\t\t\t<div class=\"elementor-widget-container\">\n\t\t\t\t\t\t\t\t\t\t\t\t\t\t\t<img decoding=\"async\" src=\"https:\/\/mo.rasica.org\/wp-content\/uploads\/2023\/09\/image00006-1-scaled.jpeg\" title=\"image00006\" alt=\"image00006\" \/>\t\t\t\t\t\t\t\t\t\t\t\t\t\t\t<\/div>\n\t\t\t\t<\/div>\n\t\t\t\t\t<\/div>\r\n\t\t\t\t<\/div>\r\n\t\t\t\t<div class=\"elementor-column elementor-col-50 elementor-top-column elementor-element elementor-element-3eb7ea6\" data-id=\"3eb7ea6\" data-element_type=\"column\">\r\n\r\n\t\t\t\t\t<div class=\"elementor-widget-wrap elementor-element-populated\">\r\n\t\t\t\t\t\t\t\t<div class=\"elementor-element elementor-element-bee3cb5 elementor-widget elementor-widget-text-editor\" data-id=\"bee3cb5\" data-element_type=\"widget\" data-widget_type=\"text-editor.default\">\n\t\t\t\t<div class=\"elementor-widget-container\">\n\t\t\t\t\t\t\t<h4>\u010ce obo\u017euje\u0161 naravo in gore te vabimo, da se nam pridru\u017ei\u0161. Ni pomembno ali si \u017ee izku\u0161en raziskovalec gorskih vrhov ali pa se \u0161ele spoznava\u0161 z naravo. Pri nas te \u010daka veliko zabavnih dogodiv\u0161\u010din v naravi.<\/h4>\n<h4>Skupaj odkrivamo skrivnosti gozdov, pre\u010dkamo potoke in osvajamo najbolj kul vrhove.\u00a0\u00a0<\/h4>\n<h4>Skupaj ustvarjamo spomine v \u010dudovitem gorskem okolju \ud83d\ude42<\/h4>\t\t\t\t\t\t<\/div>\n\t\t\t\t<\/div>\n\t\t\t\t\t<\/div>\r\n\t\t\t\t<\/div>\r\n\t\t\t\t\t\t<\/div>\r\n\t\t\t\t<\/section>\r\n\t\t\t\t\t\t<\/div>\n\t\t\t\t\t<\/div>\n\t\t","protected":false},"excerpt":{"rendered":"<p>Kdo smo? Smo Mladinski odsek Ra\u0161ica, ki deluje v okviru Planinskega dru\u0161tva Ra\u0161ica. V sodelovanju z O\u0160 Vi\u010d in njihovimi u\u010ditelji ter mentorji, uspe\u0161no gradimo \u010dudovito skupnost \u017ee vrsto let. &nbsp; Smo dinami\u010dna in navdihujo\u010da skupnost posameznikov, ki delijo strast do narave, pohodni\u0161tva, in razli\u010dnih aktivnosti v gorskem okolju. Ta odsek je posebej zasnovan za [&hellip;]<\/p>\n","protected":false},"author":3,"featured_media":0,"parent":0,"menu_order":0,"comment_status":"closed","ping_status":"closed","template":"","meta":{"footnotes":""},"class_list":["post-4690","page","type-page","status-publish","hentry"],"_links":{"self":[{"href":"https:\/\/mo.rasica.org\/index.php\/wp-json\/wp\/v2\/pages\/4690","targetHints":{"allow":["GET"]}}],"collection":[{"href":"https:\/\/mo.rasica.org\/index.php\/wp-json\/wp\/v2\/pages"}],"about":[{"href":"https:\/\/mo.rasica.org\/index.php\/wp-json\/wp\/v2\/types\/page"}],"author":[{"embeddable":true,"href":"https:\/\/mo.rasica.org\/index.php\/wp-json\/wp\/v2\/users\/3"}],"replies":[{"embeddable":true,"href":"https:\/\/mo.rasica.org\/index.php\/wp-json\/wp\/v2\/comments?post=4690"}],"version-history":[{"count":44,"href":"https:\/\/mo.rasica.org\/index.php\/wp-json\/wp\/v2\/pages\/4690\/revisions"}],"predecessor-version":[{"id":5209,"href":"https:\/\/mo.rasica.org\/index.php\/wp-json\/wp\/v2\/pages\/4690\/revisions\/5209"}],"wp:attachment":[{"href":"https:\/\/mo.rasica.org\/index.php\/wp-json\/wp\/v2\/media?parent=4690"}],"curies":[{"name":"wp","href":"https:\/\/api.w.org\/{rel}","templated":true}]}}